{"id":422,"date":"2022-02-08T14:22:23","date_gmt":"2022-02-08T13:22:23","guid":{"rendered":"https:\/\/palenquivir.englobadigital.es\/politica-de-cookies-ue\/"},"modified":"2023-05-23T11:39:45","modified_gmt":"2023-05-23T09:39:45","slug":"politica-de-cookies-ue","status":"publish","type":"page","link":"https:\/\/palenquivir.com\/es\/politica-de-cookies-ue\/","title":{"rendered":"Pol\u00edtica de cookies (UE)"},"content":{"rendered":"\n<h2 class=\"wp-block-heading\">Pol\u00edtica de cookies (UE)<\/h2>\n\n\n<p>\u00a0<\/p>\n<p><strong>En cumplimiento con lo dispuesto en el art\u00edculo 22.2 de la Ley 34\/2002, de 11 de julio, de Servicios de la Sociedad de la Informaci\u00f3n y de Comercio Electr\u00f3nico, esta p\u00e1gina web le informa, en esta secci\u00f3n, sobre la pol\u00edtica de recogida y tratamiento de cookies.<\/strong><\/p>\n<p><i>\u00bfQu\u00e9 tipos de cookies utiliza esta p\u00e1gina web?<\/i><\/p>\n<table class=\"t1\" cellspacing=\"0\" cellpadding=\"0\">\n<tbody>\n<tr>\n<td class=\"td1\" valign=\"middle\">\n<p class=\"p2\"><b>Nombre<\/b><\/p>\n<\/td>\n<td class=\"td1\" valign=\"middle\">\n<p class=\"p2\"><b>Tipo<\/b><\/p>\n<\/td>\n<td class=\"td1\" valign=\"middle\">\n<p class=\"p2\"><b>Proveedor<\/b><\/p>\n<\/td>\n<td class=\"td1\" valign=\"middle\">\n<p class=\"p2\"><b>Finalidad<\/b><\/p>\n<\/td>\n<td class=\"td1\" valign=\"middle\">\n<p class=\"p2\"><b>Duraci\u00f3n<\/b><\/p>\n<\/td>\n<\/tr>\n<tr>\n<td class=\"td1\" valign=\"middle\">\n<p class=\"p3\">__Secure-3PSIDCC<\/p>\n<\/td>\n<td class=\"td1\" valign=\"middle\">\n<p class=\"p2\">Terceros<\/p>\n<\/td>\n<td class=\"td1\" valign=\"middle\">\n<p class=\"p2\">Google<\/p>\n<\/td>\n<td class=\"td1\" valign=\"middle\">\n<p class=\"p2\">Publicitaria. Estas cookies se utilizan para entregar anuncios m\u00e1s relevantes para usted y sus intereses.<\/p>\n<\/td>\n<td class=\"td1\" valign=\"middle\">\n<p class=\"p2\">2 a\u00f1os<\/p>\n<\/td>\n<\/tr>\n<tr>\n<td class=\"td1\" valign=\"middle\">\n<p class=\"p3\">__Secure-1PSID<\/p>\n<\/td>\n<td class=\"td1\" valign=\"middle\">\n<p class=\"p2\">Terceros<\/p>\n<\/td>\n<td class=\"td1\" valign=\"middle\">\n<p class=\"p2\">Google<\/p>\n<\/td>\n<td class=\"td1\" valign=\"middle\">\n<p class=\"p2\">Publicitaria. Estas cookies se utilizan para entregar anuncios m\u00e1s relevantes para usted y sus intereses.<\/p>\n<\/td>\n<td class=\"td1\" valign=\"middle\">\n<p class=\"p2\">2 a\u00f1os<\/p>\n<\/td>\n<\/tr>\n<tr>\n<td class=\"td1\" valign=\"middle\">\n<p class=\"p3\">SID<\/p>\n<\/td>\n<td class=\"td1\" valign=\"middle\">\n<p class=\"p2\">Terceros<\/p>\n<\/td>\n<td class=\"td1\" valign=\"middle\">\n<p class=\"p2\">Google<\/p>\n<\/td>\n<td class=\"td1\" valign=\"middle\">\n<p class=\"p4\">Almacenamiento de las preferencias del usuario.<\/p>\n<\/td>\n<td class=\"td1\" valign=\"middle\">\n<p class=\"p2\">2 a\u00f1os<\/p>\n<\/td>\n<\/tr>\n<tr>\n<td class=\"td1\" valign=\"middle\">\n<p class=\"p3\">__Secure-3PSID<\/p>\n<\/td>\n<td class=\"td1\" valign=\"middle\">\n<p class=\"p2\">Terceros<\/p>\n<\/td>\n<td class=\"td1\" valign=\"middle\">\n<p class=\"p2\">Google<\/p>\n<\/td>\n<td class=\"td1\" valign=\"middle\">\n<p class=\"p2\">Publicitaria. Estas cookies se utilizan para entregar anuncios m\u00e1s relevantes para usted y sus intereses.<\/p>\n<\/td>\n<td class=\"td1\" valign=\"middle\">\n<p class=\"p2\">2 a\u00f1os<\/p>\n<\/td>\n<\/tr>\n<tr>\n<td class=\"td1\" valign=\"middle\">\n<p class=\"p3\">SIDCC<\/p>\n<\/td>\n<td class=\"td1\" valign=\"middle\">\n<p class=\"p2\">Terceros<\/p>\n<\/td>\n<td class=\"td1\" valign=\"middle\">\n<p class=\"p2\">Google<\/p>\n<\/td>\n<td class=\"td1\" valign=\"middle\">\n<p class=\"p2\">Para proveer servicios y extraer informaci\u00f3n an\u00f3nima sobre la navegaci\u00f3n.<\/p>\n<\/td>\n<td class=\"td1\" valign=\"middle\">\n<p class=\"p2\">1 a\u00f1o<\/p>\n<\/td>\n<\/tr>\n<tr>\n<td class=\"td1\" valign=\"middle\">\n<p class=\"p3\">__Secure-1PSIDCC<\/p>\n<\/td>\n<td class=\"td1\" valign=\"middle\">\n<p class=\"p2\">Terceros<\/p>\n<\/td>\n<td class=\"td1\" valign=\"middle\">\n<p class=\"p2\">Google<\/p>\n<\/td>\n<td class=\"td1\" valign=\"middle\">\n<p class=\"p2\">Publicitaria. Estas cookies se utilizan para entregar anuncios m\u00e1s relevantes para usted y sus intereses.<\/p>\n<\/td>\n<td class=\"td1\" valign=\"middle\">\n<p class=\"p2\">2 a\u00f1os<\/p>\n<\/td>\n<\/tr>\n<tr>\n<td class=\"td1\" valign=\"middle\">\n<p class=\"p3\">__Secure-3PAPISID<\/p>\n<\/td>\n<td class=\"td1\" valign=\"middle\">\n<p class=\"p2\">Terceros<\/p>\n<\/td>\n<td class=\"td1\" valign=\"middle\">\n<p class=\"p2\">Google<\/p>\n<\/td>\n<td class=\"td1\" valign=\"middle\">\n<p class=\"p2\">Publicitaria. Estas cookies se utilizan para entregar anuncios m\u00e1s relevantes para usted y sus intereses.<\/p>\n<\/td>\n<td class=\"td1\" valign=\"middle\">\n<p class=\"p2\">2 a\u00f1os<\/p>\n<\/td>\n<\/tr>\n<tr>\n<td class=\"td1\" valign=\"middle\">\n<p class=\"p3\">__Secure-1PAPISID<\/p>\n<\/td>\n<td class=\"td1\" valign=\"middle\">\n<p class=\"p2\">Terceros<\/p>\n<\/td>\n<td class=\"td1\" valign=\"middle\">\n<p class=\"p2\">Google<\/p>\n<\/td>\n<td class=\"td1\" valign=\"middle\">\n<p class=\"p2\">Publicitaria. Estas cookies se utilizan para entregar anuncios m\u00e1s relevantes para usted y sus intereses.<\/p>\n<\/td>\n<td class=\"td1\" valign=\"middle\">\n<p class=\"p2\">2 a\u00f1os<\/p>\n<\/td>\n<\/tr>\n<tr>\n<td class=\"td1\" valign=\"middle\">\n<p class=\"p3\">HSID<\/p>\n<\/td>\n<td class=\"td1\" valign=\"middle\">\n<p class=\"p2\">Terceros<\/p>\n<\/td>\n<td class=\"td1\" valign=\"middle\">\n<p class=\"p2\">Google<\/p>\n<\/td>\n<td class=\"td1\" valign=\"middle\">\n<p class=\"p2\">Utilizadas para almacenar las preferencias del usuario<\/p>\n<\/td>\n<td class=\"td1\" valign=\"middle\">\n<p class=\"p2\">Sesi\u00f3n<\/p>\n<\/td>\n<\/tr>\n<tr>\n<td class=\"td1\" valign=\"middle\">\n<p class=\"p3\">SAPISID<\/p>\n<\/td>\n<td class=\"td1\" valign=\"middle\">\n<p class=\"p2\">Terceros<\/p>\n<\/td>\n<td class=\"td1\" valign=\"middle\">\n<p class=\"p2\">Google<\/p>\n<\/td>\n<td class=\"td1\" valign=\"middle\">\n<p class=\"p2\">Almacenamiento de las preferencias del usuario.<\/p>\n<\/td>\n<td class=\"td1\" valign=\"middle\">\n<p class=\"p2\">Sesi\u00f3n<\/p>\n<\/td>\n<\/tr>\n<tr>\n<td class=\"td1\" valign=\"middle\">\n<p class=\"p3\">APISID<\/p>\n<\/td>\n<td class=\"td1\" valign=\"middle\">\n<p class=\"p2\">Terceros<\/p>\n<\/td>\n<td class=\"td1\" valign=\"middle\">\n<p class=\"p2\">Google<\/p>\n<\/td>\n<td class=\"td1\" valign=\"middle\">\n<p class=\"p2\">Almacenamiento de las preferencias del usuario.<\/p>\n<\/td>\n<td class=\"td1\" valign=\"middle\">\n<p class=\"p2\">Sesi\u00f3n<\/p>\n<\/td>\n<\/tr>\n<tr>\n<td class=\"td1\" valign=\"middle\">\n<p class=\"p3\">SSID<\/p>\n<\/td>\n<td class=\"td1\" valign=\"middle\">\n<p class=\"p2\">Terceros<\/p>\n<\/td>\n<td class=\"td1\" valign=\"middle\">\n<p class=\"p2\">Google<\/p>\n<\/td>\n<td class=\"td1\" valign=\"middle\">\n<p class=\"p2\">Almacena informaci\u00f3n, identificadores y preferencias en Google.<\/p>\n<\/td>\n<td class=\"td1\" valign=\"middle\">\n<p class=\"p2\">2 a\u00f1os<\/p>\n<\/td>\n<\/tr>\n<tr>\n<td class=\"td1\" valign=\"middle\">\n<p class=\"p3\">_GRECAPTCHA<\/p>\n<\/td>\n<td class=\"td1\" valign=\"middle\">\n<p class=\"p2\">Terceros<\/p>\n<\/td>\n<td class=\"td1\" valign=\"middle\">\n<p class=\"p2\">Google<\/p>\n<\/td>\n<td class=\"td1\" valign=\"middle\">\n<p class=\"p2\">Utilizada por el servicio GOOGLE RECAPTCHA en los formularios para evitar SPAM.<\/p>\n<\/td>\n<td class=\"td1\" valign=\"middle\">\n<p class=\"p2\">1 a\u00f1o<\/p>\n<\/td>\n<\/tr>\n<tr>\n<td class=\"td1\" valign=\"middle\">\n<p class=\"p3\">1P_JAR<\/p>\n<\/td>\n<td class=\"td1\" valign=\"middle\">\n<p class=\"p2\">Terceros<\/p>\n<\/td>\n<td class=\"td1\" valign=\"middle\">\n<p class=\"p2\">Google<\/p>\n<\/td>\n<td class=\"td1\" valign=\"middle\">\n<p class=\"p2\">Cookie que transfiere datos a Google para hacer la publicidad m\u00e1s atractiva.<\/p>\n<\/td>\n<td class=\"td1\" valign=\"middle\">\n<p class=\"p2\">15 d\u00edas<\/p>\n<\/td>\n<\/tr>\n<tr>\n<td class=\"td1\" valign=\"middle\">\n<p class=\"p3\">NID<\/p>\n<\/td>\n<td class=\"td1\" valign=\"middle\">\n<p class=\"p2\">Terceros<\/p>\n<\/td>\n<td class=\"td1\" valign=\"middle\">\n<p class=\"p2\">Google<\/p>\n<\/td>\n<td class=\"td1\" valign=\"middle\">\n<p class=\"p2\">Almacena informaci\u00f3n sobre las preferencias.<\/p>\n<\/td>\n<td class=\"td1\" valign=\"middle\">\n<p class=\"p2\">6 meses<\/p>\n<\/td>\n<\/tr>\n<tr>\n<td class=\"td1\" valign=\"middle\">\n<p class=\"p3\">OTZ<\/p>\n<\/td>\n<td class=\"td1\" valign=\"middle\">\n<p class=\"p2\">Terceros<\/p>\n<\/td>\n<td class=\"td1\" valign=\"middle\">\n<p class=\"p2\">Google<\/p>\n<\/td>\n<td class=\"td1\" valign=\"middle\">\n<p class=\"p2\">Permiten optimizar y personalizar los anuncios mostrados al navegar.<\/p>\n<\/td>\n<td class=\"td1\" valign=\"middle\">\n<p class=\"p2\">1 mes<\/p>\n<\/td>\n<\/tr>\n<tr>\n<td class=\"td1\" valign=\"middle\">\n<p class=\"p3\">OGPC<\/p>\n<\/td>\n<td class=\"td1\" valign=\"middle\">\n<p class=\"p2\">Terceros<\/p>\n<\/td>\n<td class=\"td1\" valign=\"middle\">\n<p class=\"p2\">Google<\/p>\n<\/td>\n<td class=\"td1\" valign=\"middle\">\n<p class=\"p2\">Almacenar las preferencias del usuario y la informaci\u00f3n durante la visualizaci\u00f3n de las p\u00e1ginas con los mapas de Google.<\/p>\n<\/td>\n<td class=\"td1\" valign=\"middle\">\n<p class=\"p2\">1 a\u00f1o<\/p>\n<\/td>\n<\/tr>\n<tr>\n<td class=\"td1\" valign=\"middle\">\n<p class=\"p3\">cmplz_banner-status<\/p>\n<\/td>\n<td class=\"td1\" valign=\"middle\">\n<p class=\"p2\">Terceros<\/p>\n<\/td>\n<td class=\"td1\" valign=\"middle\">\n<p class=\"p2\">Google<\/p>\n<\/td>\n<td class=\"td1\" valign=\"middle\">\n<p class=\"p2\">Guardar preferencias de consentimiento de cookies.<\/p>\n<\/td>\n<td class=\"td1\" valign=\"middle\">\n<p class=\"p2\">1 a\u00f1o<\/p>\n<\/td>\n<\/tr>\n<tr>\n<td class=\"td1\" valign=\"middle\">\n<p class=\"p3\">SEARCH_SAMESITE<\/p>\n<\/td>\n<td class=\"td1\" valign=\"middle\">\n<p class=\"p2\">Terceros<\/p>\n<\/td>\n<td class=\"td1\" valign=\"middle\">\n<p class=\"p2\">Google<\/p>\n<\/td>\n<td class=\"td1\" valign=\"middle\">\n<p class=\"p2\">El objetivo es mitigar el riesgo de fuga de informaci\u00f3n de origen cruzado. Tambi\u00e9n proporciona cierta protecci\u00f3n contra los ataques de falsificaci\u00f3n de solicitudes entre sitios.<\/p>\n<\/td>\n<td class=\"td1\" valign=\"middle\">\n<p class=\"p2\">6 meses<\/p>\n<\/td>\n<\/tr>\n<tr>\n<td class=\"td1\" valign=\"middle\">\n<p class=\"p3\">CONSENT<\/p>\n<\/td>\n<td class=\"td1\" valign=\"middle\">\n<p class=\"p2\">Terceros<\/p>\n<\/td>\n<td class=\"td1\" valign=\"middle\">\n<p class=\"p2\">Google<\/p>\n<\/td>\n<td class=\"td1\" valign=\"middle\">\n<p class=\"p2\">Funci\u00f3n de aceptaci\u00f3n de cookies en sitios web.<\/p>\n<\/td>\n<td class=\"td1\" valign=\"middle\">\n<p class=\"p2\">Persistente<\/p>\n<\/td>\n<\/tr>\n<\/tbody>\n<\/table>\n<p>Esta p\u00e1gina web utiliza los siguientes tipos de cookies:<\/p>\n<p>&#8211; Cookies de an\u00e1lisis: Son aqu\u00e9llas que bien tratadas por nosotros o por terceros, nos permiten cuantificar el n\u00famero de usuarios y as\u00ed realizar la medici\u00f3n y an\u00e1lisis estad\u00edstico de la utilizaci\u00f3n que hacen los usuarios del servicio ofertado. Para ello se analiza su navegaci\u00f3n en nuestra p\u00e1gina web con el fin de mejorar la oferta de productos o servicios que le ofrecemos.<\/p>\n<p>&#8211; Cookies t\u00e9cnicas: Son aquellas que permiten al usuario la navegaci\u00f3n a trav\u00e9s del \u00e1rea restringida y la utilizaci\u00f3n de sus diferentes funciones, como por ejemplo, llevar a cambio el proceso de compra de un art\u00edculo.<\/p>\n<p>&#8211; Cookies de personalizaci\u00f3n: Son aquellas que permiten al usuario acceder al servicio con algunas caracter\u00edsticas de car\u00e1cter general predefinidas en funci\u00f3n de una serie de criterios en el terminal del usuario como por ejemplo serian el idioma o el tipo de navegador a trav\u00e9s del cual se conecta al servicio.<\/p>\n<p>&#8211; Cookies publicitarias: Son aqu\u00e9llas que, bien tratadas por esta web o por terceros, permiten gestionar de la forma m\u00e1s eficaz posible la oferta de los espacios publicitarios que hay en la p\u00e1gina web, adecuando el contenido del anuncio al contenido del servicio solicitado o al uso que realice de nuestra p\u00e1gina web. Para ello podemos analizar sus h\u00e1bitos de navegaci\u00f3n en Internet y podemos mostrarle publicidad relacionada con su perfil de navegaci\u00f3n.<\/p>\n<p>&#8211; Cookies de publicidad comportamental: Son aquellas que permiten la gesti\u00f3n, de la forma m\u00e1s eficaz posible, de los espacios publicitarios que, en su caso, el editor haya incluido en una p\u00e1gina web, aplicaci\u00f3n o plataforma desde la que presta el servicio solicitado. Este tipo de cookies almacenan informaci\u00f3n del comportamiento de los visitantes obtenida a trav\u00e9s de la observaci\u00f3n continuada de sus h\u00e1bitos de navegaci\u00f3n, lo que permite desarrollar un perfil espec\u00edfico para mostrar avisos publicitarios en funci\u00f3n del mismo.<\/p>\n<p><i>Desactivar las cookies.<\/i><\/p>\n<p>Puede usted permitir, bloquear o eliminar las cookies instaladas en su equipo mediante la configuraci\u00f3n de las opciones del navegador instalado en su ordenador.<\/p>\n<p>En la mayor\u00eda de los navegadores web se ofrece la posibilidad de permitir, bloquear o eliminar las cookies instaladas en su equipo.<\/p>\n<p>A continuaci\u00f3n puede acceder a la configuraci\u00f3n de los navegadores webs m\u00e1s frecuentes para aceptar, instalar o desactivar las cookies:<\/p>\n<p><a href=\"https:\/\/support.google.com\/chrome\/answer\/95647?hl=es\" target=\"_blank\" rel=\"noopener\">Configurar cookies en Google Chrome<\/a><\/p>\n<p><a href=\"https:\/\/support.google.com\/chrome\/answer\/95647?hl=es\" target=\"_blank\" rel=\"noopener\"><br \/><\/a><a href=\"https:\/\/support.microsoft.com\/es-es\/kb\/278835\" target=\"_blank\" rel=\"noopener\">Configurar cookies en Microsoft Internet Explorer<\/a><\/p>\n<p><a href=\"https:\/\/support.microsoft.com\/es-es\/kb\/278835\" target=\"_blank\" rel=\"noopener\"><br \/><\/a><a href=\"https:\/\/support.mozilla.org\/es\/kb\/habilitar-y-deshabilitar-cookies-sitios-web-rastrear-preferencias?redirectlocale=es&amp;redirectslug=habilitar-y-deshabilitar-cookies-que-los-sitios-we\" target=\"_blank\" rel=\"noopener\">Configurar cookies en Mozilla Firefox<\/a><\/p>\n<p><a href=\"https:\/\/support.mozilla.org\/es\/kb\/habilitar-y-deshabilitar-cookies-sitios-web-rastrear-preferencias?redirectlocale=es&amp;redirectslug=habilitar-y-deshabilitar-cookies-que-los-sitios-we\" target=\"_blank\" rel=\"noopener\"><br \/><\/a><a href=\"https:\/\/support.apple.com\/es-es\/HT201265\" target=\"_blank\" rel=\"noopener\">Configurar cookies en Safari (Apple)<\/a><\/p>\n<p><a href=\"https:\/\/support.apple.com\/es-es\/HT201265\" target=\"_blank\" rel=\"noopener\"><br \/><\/a><i>Cookies de terceros.<\/i><\/p>\n<p>En concreto, usamos los servicios de Google Adsense y de Google Analytics para nuestras estad\u00edsticas y publicidad. Algunas cookies son esenciales para el funcionamiento del sitio, por ejemplo el buscador incorporado.<\/p>\n<p>Nuestro sitio incluye otras funcionalidades proporcionadas por terceros. Usted puede f\u00e1cilmente compartir el contenido en redes sociales como Facebook, Twitter o Google +,\u00a0 con los botones que hemos incluido a tal efecto.<\/p>\n<p><i>Advertencia sobre la eliminaci\u00f3n de las cookies.<\/i><\/p>\n<p>Usted puede eliminar y bloquear todas las cookies de este sitio, pero parte del sitio no funcionar\u00e1 o la calidad de la p\u00e1gina web puede verse afectada.<\/p>\n<p>Si tiene cualquier duda acerca de nuestra pol\u00edtica de cookies, puede contactar con esta p\u00e1gina web a trav\u00e9s de nuestros canales de Contacto.<\/p>\n<p>La regi\u00f3n EU no est\u00e1 activada para cookie-statement.<br \/><br \/><br \/><\/p>","protected":false},"excerpt":{"rendered":"<p>Pol\u00edtica de cookies (UE) \u00a0 En cumplimiento con lo dispuesto en el art\u00edculo 22.2 de la Ley 34\/2002, de 11 de julio, de Servicios de la Sociedad de la Informaci\u00f3n y de Comercio Electr\u00f3nico, esta p\u00e1gina web le informa, en esta secci\u00f3n, sobre la pol\u00edtica de recogida y tratamiento de cookies. \u00bfQu\u00e9 tipos de cookies [&hellip;]<\/p>\n","protected":false},"author":8,"featured_media":0,"parent":0,"menu_order":0,"comment_status":"closed","ping_status":"closed","template":"","meta":{"footnotes":""},"class_list":["post-422","page","type-page","status-publish","hentry"],"_links":{"self":[{"href":"https:\/\/palenquivir.com\/es\/wp-json\/wp\/v2\/pages\/422","targetHints":{"allow":["GET"]}}],"collection":[{"href":"https:\/\/palenquivir.com\/es\/wp-json\/wp\/v2\/pages"}],"about":[{"href":"https:\/\/palenquivir.com\/es\/wp-json\/wp\/v2\/types\/page"}],"author":[{"embeddable":true,"href":"https:\/\/palenquivir.com\/es\/wp-json\/wp\/v2\/users\/8"}],"replies":[{"embeddable":true,"href":"https:\/\/palenquivir.com\/es\/wp-json\/wp\/v2\/comments?post=422"}],"version-history":[{"count":1,"href":"https:\/\/palenquivir.com\/es\/wp-json\/wp\/v2\/pages\/422\/revisions"}],"predecessor-version":[{"id":2971,"href":"https:\/\/palenquivir.com\/es\/wp-json\/wp\/v2\/pages\/422\/revisions\/2971"}],"wp:attachment":[{"href":"https:\/\/palenquivir.com\/es\/wp-json\/wp\/v2\/media?parent=422"}],"curies":[{"name":"wp","href":"https:\/\/api.w.org\/{rel}","templated":true}]}}