{"id":3,"date":"2020-10-10T11:43:53","date_gmt":"2020-10-10T11:43:53","guid":{"rendered":"https:\/\/nueva.englobafilms.es\/?page_id=3"},"modified":"2023-05-23T11:39:45","modified_gmt":"2023-05-23T09:39:45","slug":"politica-de-privacidad","status":"publish","type":"page","link":"https:\/\/palenquivir.com\/es\/politica-de-privacidad\/","title":{"rendered":"Pol\u00edtica de privacidad"},"content":{"rendered":"\t\t<div data-elementor-type=\"wp-page\" data-elementor-id=\"3\" class=\"elementor elementor-3\" data-elementor-post-type=\"page\">\n\t\t\t\t\t\t\t\t\t<section class=\"elementor-section elementor-top-section elementor-element elementor-element-7289382 elementor-section-full_width elementor-section-content-middle elementor-section-height-default elementor-section-height-default\" data-id=\"7289382\" data-element_type=\"section\" data-settings=\"{&quot;jet_parallax_layout_list&quot;:[],&quot;background_background&quot;:&quot;classic&quot;}\">\n\t\t\t\t\t\t<div class=\"elementor-container elementor-column-gap-default\">\n\t\t\t\t\t<div class=\"elementor-column elementor-col-100 elementor-top-column elementor-element elementor-element-b0fea1f\" data-id=\"b0fea1f\" data-element_type=\"column\" data-settings=\"{&quot;background_background&quot;:&quot;classic&quot;}\">\n\t\t\t<div class=\"elementor-widget-wrap elementor-element-populated\">\n\t\t\t\t\t\t\t\t<div class=\"elementor-element elementor-element-c04e00b jet-breadcrumbs-align-center elementor-widget elementor-widget-jet-breadcrumbs\" data-id=\"c04e00b\" data-element_type=\"widget\" data-widget_type=\"jet-breadcrumbs.default\">\n\t\t\t\t<div class=\"elementor-widget-container\">\n\t\t\t<div class=\"elementor-jet-breadcrumbs jet-blocks\">\n\t\t<div class=\"jet-breadcrumbs\">\n\t\t<div class=\"jet-breadcrumbs__content\">\n\t\t<div class=\"jet-breadcrumbs__wrap\"><div class=\"jet-breadcrumbs__item\"><a href=\"https:\/\/palenquivir.com\/es\/\" class=\"jet-breadcrumbs__item-link is-home\" rel=\"home\" title=\"Inicio\">Inicio<\/a><\/div>\n\t\t<\/div>\n\t\t<\/div>\n\t\t<\/div><\/div>\t\t<\/div>\n\t\t\t\t<\/div>\n\t\t\t\t\t<\/div>\n\t\t<\/div>\n\t\t\t\t\t\t\t<\/div>\n\t\t<\/section>\n\t\t\t\t<section class=\"elementor-section elementor-top-section elementor-element elementor-element-46717ab8 elementor-section-boxed elementor-section-height-default elementor-section-height-default\" data-id=\"46717ab8\" data-element_type=\"section\" data-settings=\"{&quot;jet_parallax_layout_list&quot;:[]}\">\n\t\t\t\t\t\t<div class=\"elementor-container elementor-column-gap-default\">\n\t\t\t\t\t<div class=\"elementor-column elementor-col-100 elementor-top-column elementor-element elementor-element-43721e52\" data-id=\"43721e52\" data-element_type=\"column\">\n\t\t\t<div class=\"elementor-widget-wrap elementor-element-populated\">\n\t\t\t\t\t\t\t\t<div class=\"elementor-element elementor-element-5eef623 elementor-widget elementor-widget-text-editor\" data-id=\"5eef623\" data-element_type=\"widget\" id=\"privacidad\" data-widget_type=\"text-editor.default\">\n\t\t\t\t<div class=\"elementor-widget-container\">\n\t\t\t\t\t\t\t<p><!-- wp:paragraph --><\/p>\n<p><span style=\"font-weight: 400;\">El objetivo de esta\u00a0pol\u00edtica es informar a los interesados acerca de los distintos tratamientos realizados por esta organizaci\u00f3n mediante la p\u00e1gina web y que afecten a sus datos personales de conformidad con lo establecido en la Ley Org\u00e1nica 3\/2018, de 5 de diciembre, de Protecci\u00f3n de Datos Personales y garant\u00eda de los derechos digitales y el Reglamento (UE) 2016\/679 del Parlamento Europeo y del Consejo de 27 de abril de 2016.<\/span><\/p>\n<ol>\n<li style=\"font-weight: 400;\" aria-level=\"1\"><b>IDENTIFICACI\u00d3N Y DATOS DE CONTACTO DEL RESPONSABLE.<\/b><\/li>\n<\/ol>\n<div><b>\u00a0<\/b><\/div>\n<div>\n<p style=\"margin-right: 0px; margin-bottom: 0px; margin-left: 21pt; color: #222222; font-family: Arial, Helvetica, sans-serif; font-size: small; text-align: justify; line-height: 14.95px;\"><span style=\"font-family: Wingdings;\">l<span style=\"font-variant-numeric: normal; font-variant-east-asian: normal; font-stretch: normal; font-size: 7pt; line-height: normal; font-family: 'Times New Roman';\">\u00a0\u00a0<\/span><\/span><u><\/u>GRUPO RAFAEL LOPEZ SANCHEZ, que est\u00e1 formado por tres sociedades:<u><\/u><u><\/u><\/p>\n<p style=\"margin-right: 0px; margin-bottom: 0px; margin-left: 42pt; color: #222222; font-family: Arial, Helvetica, sans-serif; font-size: small; text-align: justify; line-height: 14.95px;\"><u><\/u><span style=\"font-family: Wingdings;\">\u00d8<span style=\"font-variant-numeric: normal; font-variant-east-asian: normal; font-stretch: normal; font-size: 7pt; line-height: normal; font-family: 'Times New Roman';\">\u00a0\u00a0<\/span><\/span><u><\/u>RAFAEL LOPEZ SANCHEZ CONSTRUCTORA S.L. &#8211; Calle Imagen 4, 41003, Sevilla &#8211; CIF B41012832<u><\/u><u><\/u><\/p>\n<p style=\"margin-right: 0px; margin-bottom: 0px; margin-left: 42pt; color: #222222; font-family: Arial, Helvetica, sans-serif; font-size: small; text-align: justify; line-height: 14.95px;\"><u><\/u><span style=\"font-family: Wingdings;\">\u00d8<span style=\"font-variant-numeric: normal; font-variant-east-asian: normal; font-stretch: normal; font-size: 7pt; line-height: normal; font-family: 'Times New Roman';\">\u00a0\u00a0<\/span><\/span><u><\/u>ANYRA S.L. &#8211; Calle Claudio Coello 85, 28001, Madrid &#8211; CIF B28391233<u><\/u><u><\/u><\/p>\n<p style=\"margin-right: 0px; margin-bottom: 0px; margin-left: 42pt; color: #222222; font-family: Arial, Helvetica, sans-serif; font-size: small; text-align: justify; line-height: 14.95px;\"><u><\/u><span style=\"font-family: Wingdings;\">\u00d8<span style=\"font-variant-numeric: normal; font-variant-east-asian: normal; font-stretch: normal; font-size: 7pt; line-height: normal; font-family: 'Times New Roman';\">\u00a0\u00a0<\/span><\/span><u><\/u>UNIRA S.L. &#8211;\u00a0Calle Imagen 4, 41003, Sevilla &#8211; CIF B41213570<u><\/u><u><\/u><\/p>\n<p style=\"margin-right: 0px; margin-bottom: 0px; margin-left: 42pt; color: #222222; font-family: Arial, Helvetica, sans-serif; font-size: small; text-align: justify; line-height: 14.95px;\">\u00a0<\/p>\n<p style=\"margin-right: 0px; margin-bottom: 0px; margin-left: 21pt; color: #222222; font-family: Arial, Helvetica, sans-serif; font-size: small; text-align: justify; line-height: 14.95px;\"><u><\/u><span style=\"font-family: Wingdings;\">l<span style=\"font-variant-numeric: normal; font-variant-east-asian: normal; font-stretch: normal; font-size: 7pt; line-height: normal; font-family: 'Times New Roman';\">\u00a0\u00a0<\/span><\/span><u><\/u>INURBAGUA<u><\/u><u><\/u><\/p>\n<p style=\"margin-right: 0px; margin-bottom: 0px; margin-left: 42pt; color: #222222; font-family: Arial, Helvetica, sans-serif; font-size: small; text-align: justify; line-height: 14.95px;\"><u><\/u><span style=\"font-family: Wingdings;\">\u00d8<span style=\"font-variant-numeric: normal; font-variant-east-asian: normal; font-stretch: normal; font-size: 7pt; line-height: normal; font-family: 'Times New Roman';\">\u00a0\u00a0<\/span><\/span><u><\/u>INURBAGUA PROMOCIONES AGROINDUSTRIALES S.L. &#8211; Calle Luis de Morales 32, Edificio FORUM, planta 3\u00ba, oficina 28, 41018, Sevilla &#8211; CIF B91452219<u><\/u><u><\/u><\/p>\n<p style=\"margin-right: 0px; margin-bottom: 0px; margin-left: 42pt; color: #222222; font-family: Arial, Helvetica, sans-serif; font-size: small; text-align: justify; line-height: 14.95px;\">\u00a0<\/p>\n<p style=\"margin-right: 0px; margin-bottom: 0px; margin-left: 21pt; color: #222222; font-family: Arial, Helvetica, sans-serif; font-size: small; text-align: justify; line-height: 14.95px;\"><u><\/u><span style=\"font-family: Wingdings;\">l<span style=\"font-variant-numeric: normal; font-variant-east-asian: normal; font-stretch: normal; font-size: 7pt; line-height: normal; font-family: 'Times New Roman';\">\u00a0\u00a0<\/span><\/span><u><\/u>JAMATE<u><\/u><u><\/u><\/p>\n<p style=\"margin-right: 0px; margin-bottom: 0px; margin-left: 42pt; color: #222222; font-family: Arial, Helvetica, sans-serif; font-size: small; text-align: justify; line-height: 14.95px;\"><u><\/u><span style=\"font-family: Wingdings;\">\u00d8<span style=\"font-variant-numeric: normal; font-variant-east-asian: normal; font-stretch: normal; font-size: 7pt; line-height: normal; font-family: 'Times New Roman';\">\u00a0\u00a0<\/span><\/span><u><\/u>JAMATE PROMOCIONES Y DESARROLLO S.L. &#8211; Calle Camilo Jos\u00e9 Cela 6, portal 6, 6\u00baA, 41018, Sevilla &#8211; CIF B91452458<\/p>\n<p style=\"margin-right: 0px; margin-bottom: 0px; margin-left: 42pt; color: #222222; font-family: Arial, Helvetica, sans-serif; font-size: small; text-align: justify; line-height: 14.95px;\">\u00a0<\/p>\n<p style=\"margin-right: 0px; margin-bottom: 0px; margin-left: 42pt; color: #222222; font-family: Arial, Helvetica, sans-serif; font-size: small; text-align: justify; line-height: 14.95px;\">\u00a0<\/p>\n<\/div>\n<ul>\n<li aria-level=\"1\"><b>FINALIDADES DEL TRATAMIENTO DE SUS DATOS PERSONALES.\u00a0\u00a0\u00a0<\/b><\/li>\n<\/ul>\n<ul>\n<li aria-level=\"1\"><b>USUARIOS\/NAVEGANTES DE LA P\u00c1GINA WEB DEL RESPONSABLE.<\/b><b>\u00a0<\/b><\/li>\n<\/ul>\n<p><span style=\"font-weight: 400;\">Trataremos sus datos de car\u00e1cter personal facilitados a trav\u00e9s de nuestros formularios web para:\u00a0<\/span><\/p>\n<ul>\n<li style=\"font-weight: 400;\" aria-level=\"1\"><span style=\"font-weight: 400;\">Atender a las solicitudes, quejas e incidencias trasladadas a trav\u00e9s de nuestros canales de contacto incorporados en la p\u00e1gina web.\u00a0<\/span><\/li>\n<li style=\"font-weight: 400;\" aria-level=\"1\"><span style=\"font-weight: 400;\">Entender el comportamiento del navegante dentro de la web con el fin de detectar posibles ataques inform\u00e1ticos a nuestra web.<\/span><\/li>\n<\/ul>\n<ul>\n<li aria-level=\"1\"><span style=\"font-weight: 400;\">Cumplir con las obligaciones legales que nos resulten directamente aplicables y regulen nuestra actividad.\u00a0<\/span><\/li>\n<\/ul>\n<ul>\n<li aria-level=\"1\"><span style=\"font-weight: 400;\">Para proteger y ejercer nuestros derechos o responder ante reclamaciones de cualquier \u00edndole.<\/span><\/li>\n<\/ul>\n<ul>\n<li aria-level=\"1\"><b>CANDIDATOS A OFERTAS DE TRABAJO O POSTULANTES A EMPLEO.<\/b><\/li>\n<\/ul>\n<p><span style=\"font-weight: 400;\">Trataremos sus datos de car\u00e1cter personal facilitados a trav\u00e9s de nuestros formularios web para:<\/span><\/p>\n<ul>\n<li style=\"font-weight: 400;\" aria-level=\"1\"><span style=\"font-weight: 400;\">Gestionar tu candidatura.<\/span><\/li>\n<li style=\"font-weight: 400;\" aria-level=\"1\"><span style=\"font-weight: 400;\">Comunicarnos contigo para ir inform\u00e1ndote del estado del proceso de selecci\u00f3n y de tu candidatura en el mismo.<\/span><\/li>\n<li style=\"font-weight: 400;\" aria-level=\"1\"><span style=\"font-weight: 400;\">Entender el comportamiento del navegante dentro de la web con el fin de detectar posibles ataques inform\u00e1ticos a nuestra web.<\/span><\/li>\n<li style=\"font-weight: 400;\" aria-level=\"1\"><span style=\"font-weight: 400;\">Para proteger y ejercer\u00a0 nuestros derechos o responder ante reclamaciones de cualquier \u00edndole<\/span><\/li>\n<\/ul>\n<ul>\n<li style=\"font-weight: 400;\" aria-level=\"1\"><span style=\"font-weight: 400;\">Cesi\u00f3n de sus datos a entidades que conforman el grupo: GRUPO RAFAEL LOPEZ SANCHEZ (RAFAEL LOPEZ SANCHEZ CONSTRUCTORA S.L.; ANYRA S.L.; UNIRA S.L.); INURBAGUA\u00a0 PROMOCIONES AGROINDUSTRIALES S.L.; y JAMATE PROMOCIONES Y DESARROLLO S.L.<\/span><\/li>\n<\/ul>\n<ul>\n<li aria-level=\"1\"><b>BASE JUR\u00cdDICA DEL TRATAMIENTO.\u00a0<\/b><\/li>\n<\/ul>\n<ul>\n<li aria-level=\"1\"><b>USUARIOS\/NAVEGANTES EN LA P\u00c1GINA WEB DEL RESPONSABLE.<\/b><span style=\"font-weight: 400;\">\u00a0<\/span><\/li>\n<\/ul>\n<ul>\n<li style=\"font-weight: 400;\" aria-level=\"1\"><span style=\"font-weight: 400;\">En el consentimiento que nos has prestado para tratar tus datos con las finalidades indicadas.<\/span><i><span style=\"font-weight: 400;\"> La negativa a facilitar sus datos personales conllevara la imposibilidad de tratar sus datos con las finalidades mencionadas.<\/span><\/i><\/li>\n<li style=\"font-weight: 400;\" aria-level=\"1\"><span style=\"font-weight: 400;\">Para cumplir con las obligaciones legales que se nos aplican. <\/span><i><span style=\"font-weight: 400;\">En este caso, el interesado no podr\u00e1 negarse al tratamiento de los datos personales<\/span><\/i><b>.<\/b><\/li>\n<li style=\"font-weight: 400;\" aria-level=\"1\"><span style=\"font-weight: 400;\">En nuestro inter\u00e9s leg\u00edtimo de proteger nuestra imagen, negocio y trayectoria evitando ataques a nuestra p\u00e1gina web. <\/span><i><span style=\"font-weight: 400;\">En este caso, el interesado no podr\u00e1 negarse al tratamiento de los datos personales<\/span><\/i><b>, <\/b><i><span style=\"font-weight: 400;\">aunque podr\u00e1 ejercer, en su caso, los derechos reconocidos en el apartado octavos de la presente pol\u00edtica<\/span><\/i><\/li>\n<\/ul>\n<ul>\n<li style=\"font-weight: 400;\" aria-level=\"1\"><b>CANDIDATOS A OFERTAS DE TRABAJO O POSTULANTES A EMPLEO.<\/b><\/li>\n<\/ul>\n<ul>\n<li style=\"font-weight: 400;\" aria-level=\"1\"><span style=\"font-weight: 400;\">En el consentimiento que nos has prestado para tratar tus datos con las finalidades indicadas.<\/span><i><span style=\"font-weight: 400;\"> La negativa a facilitar sus datos personales conllevara la imposibilidad de tratar sus datos con las finalidades mencionadas.<\/span><\/i><\/li>\n<li style=\"font-weight: 400;\" aria-level=\"1\"><span style=\"font-weight: 400;\">Para cumplir con las obligaciones legales que se nos aplican. <\/span><i><span style=\"font-weight: 400;\">En este caso, el interesado no podr\u00e1 negarse al tratamiento de los datos personales<\/span><\/i><b>.<\/b><\/li>\n<li style=\"font-weight: 400;\" aria-level=\"1\"><span style=\"font-weight: 400;\">En nuestro inter\u00e9s leg\u00edtimo de proteger nuestra imagen, negocio y trayectoria evitando ataques a nuestra p\u00e1gina web. <\/span><i><span style=\"font-weight: 400;\">En este caso, el interesado no podr\u00e1 negarse al tratamiento de los datos personales<\/span><\/i><b>, <\/b><i><span style=\"font-weight: 400;\">aunque podr\u00e1 ejercer, en su caso, los derechos reconocidos en el apartado octavos de la presente pol\u00edtica<\/span><\/i><\/li>\n<\/ul>\n<ul>\n<li aria-level=\"1\"><b>PLAZOS O CRITERIOS DE CONSERVACI\u00d3N DE LOS DATOS.<\/b><\/li>\n<\/ul>\n<p><span style=\"font-weight: 400;\">Los datos personales proporcionados se conservar\u00e1n durante el tiempo necesario para cumplir con las finalidades para los que fueron recopilados inicialmente.<\/span><\/p>\n<p><span style=\"font-weight: 400;\">Una vez que los datos dejen de ser necesarios para el tratamiento en cuesti\u00f3n, estos se mantendr\u00e1n debidamente bloqueados para, en su caso, ponerlos a disposici\u00f3n de las Administraciones y Organismos P\u00fablicas competentes, Jueces y Tribunales o el Ministerio Fiscal, durante el plazo de prescripci\u00f3n de las acciones que pudieran derivarse de la relaci\u00f3n mantenida con el cliente y\/o los plazos de conservaci\u00f3n previstos legalmente.<\/span><\/p>\n<p><span style=\"font-weight: 400;\">En el caso de que nos hayas facilitado tu curriculum, conservaremos tus datos durante el periodo m\u00e1ximo de un a\u00f1o desde la recepci\u00f3n del mismo por parte de la entidad, salvo que nos hayas autorizado a mantener tus datos por un periodo de conservaci\u00f3n mayor al indicado.<\/span><\/p>\n<ul>\n<li aria-level=\"1\"><b>DECISIONES AUTOMATIZADAS Y ELABORACI\u00d3N DE PERFILES.\u00a0<\/b><\/li>\n<\/ul>\n<p><span style=\"font-weight: 400;\">La p\u00e1gina web no toma decisiones automatizadas ni elabora perfiles.\u00a0<\/span><\/p>\n<ul>\n<li aria-level=\"1\"><b>DESTINATARIOS.<\/b><\/li>\n<\/ul>\n<p><span style=\"font-weight: 400;\">Durante el periodo de duraci\u00f3n del tratamiento de sus datos personales, organizaci\u00f3n podr\u00e1 ceder sus datos a los siguientes destinatarios:\u00a0<\/span><\/p>\n<ul>\n<li style=\"list-style-type: none;\">\n<ul>\n<li style=\"font-weight: 400;\" aria-level=\"1\"><span style=\"font-weight: 400;\">Jueces y Tribunales.<\/span><\/li>\n<li style=\"font-weight: 400;\" aria-level=\"1\"><span style=\"font-weight: 400;\">Fuerzas y Cuerpos de Seguridad del Estado.<\/span><\/li>\n<\/ul>\n<\/li>\n<\/ul>\n<ul>\n<li aria-level=\"1\"><span style=\"font-weight: 400;\">Otras autoridades u organismos p\u00fablicos competentes, cuando el responsable tenga la obligaci\u00f3n\u00a0 legal de facilitar los datos personales.\u00a0<\/span><\/li>\n<\/ul>\n<ul>\n<li aria-level=\"1\"><b>TRANSFERENCIAS INTERNACIONALES DE DATOS.\u00a0<\/b><\/li>\n<\/ul>\n<p><span style=\"font-weight: 400;\">La organizaci\u00f3n no realiza Transferencia Internacional de Datos alguna.\u00a0<\/span><\/p>\n<ul>\n<li aria-level=\"1\"><b>DERECHOS.<\/b><\/li>\n<\/ul>\n<p><span style=\"font-weight: 400;\">Los interesados podr\u00e1n ejercer en cualquier momento y de forma totalmente gratuita los derechos de <\/span><b>acceso, rectificaci\u00f3n y supresi\u00f3n, as\u00ed como solicitar que se limite el tratamiento de sus datos personales, oponerse al mismo, solicitar la portabilidad de estos (siempre que sea t\u00e9cnicamente posible) o retirar el consentimiento prestado<\/b><span style=\"font-weight: 400;\">, y en su caso, cuando proceda<\/span><b>, a no ser objeto de una decisi\u00f3n basada \u00fanicamente en un tratamiento automatizado, incluido la elaboraci\u00f3n de perfiles.<\/b><span style=\"font-weight: 400;\">\u00a0\u00a0<\/span><\/p>\n<p><span style=\"font-weight: 400;\">Para ello podr\u00e1 emplear los formularios habilitados por la organizaci\u00f3n, o bien dirigir un escrito a la direcci\u00f3n postal o correo electr\u00f3nico arriba indicadas. En cualquier caso, su solicitud deber\u00e1 acompa\u00f1arse de una fotocopia de su D.N.I. o documento equivalente, con la finalidad de acreditar su identidad.\u00a0\u00a0<\/span><\/p>\n<p><span style=\"font-weight: 400;\">En caso de que sienta vulnerados sus derechos en lo concerniente a la protecci\u00f3n de sus datos personales, especialmente cuando no haya obtenido satisfacci\u00f3n en el ejercicio de sus derechos, puede presentar una reclamaci\u00f3n ante la Autoridad de Control en materia de Protecci\u00f3n de Datos competente <\/span><b>(Agencia Espa\u00f1ola de Protecci\u00f3n de Datos),<\/b><span style=\"font-weight: 400;\"> a trav\u00e9s de su sitio web: <\/span><a href=\"http:\/\/www.agpd.es\" target=\"_blank\" rel=\"noopener\"><span style=\"font-weight: 400;\">www.agpd.es<\/span><\/a><span style=\"font-weight: 400;\">.<\/span><\/p>\n<p><span style=\"font-weight: 400;\">En cumplimiento de lo dispuesto en el art\u00edculo 21 de la Ley 34\/2002 de servicios de la sociedad de la informaci\u00f3n y comercio electr\u00f3nico, si usted no desea recibir m\u00e1s informaci\u00f3n sobre nuestros servicios, puede darse de baja enviando un correo electr\u00f3nico a la direcci\u00f3n <\/span><a href=\"mailto:palenquivir@palenquivir.com\"><span style=\"font-weight: 400;\">palenquivir@palenquivir.com<\/span><\/a><span style=\"font-weight: 400;\">, con asunto\u00a0 <\/span><b>\u201c<\/b><b><i>BAJAS\u201d <\/i><\/b><span style=\"font-weight: 400;\">o bien haciendo <\/span><i><span style=\"font-weight: 400;\">click<\/span><\/i><span style=\"font-weight: 400;\"> en el apartado del correo *<\/span><b><i>para darse de baja<\/i><\/b><span style=\"font-weight: 400;\">*.\u00a0<\/span><\/p>\n<ul>\n<li aria-level=\"1\"><b>VERACIDAD DE LOS DATOS.<\/b><\/li>\n<\/ul>\n<p><span style=\"font-weight: 400;\">El interesado garantiza que los datos aportados son verdaderos, exactos, completos y se encuentran actualizados; comprometi\u00e9ndose a informar de cualquier cambio respecto de los datos que aportara, por los canales habilitados al efecto e indicados en el punto uno de la presente pol\u00edtica. Ser\u00e1 responsable de cualquier da\u00f1o o perjuicio, tanto directo como indirecto, que pudiera ocasionar como consecuencia del incumplimiento de la presente obligaci\u00f3n.<\/span><\/p>\n<p><span style=\"font-weight: 400;\">En el supuesto de que el usuario facilite datos de terceros, declara que cuenta con el consentimiento de los interesados y se compromete a trasladarle la informaci\u00f3n contenida en esta cl\u00e1usula, eximiendo a la organizaci\u00f3n de cualquier responsabilidad derivada por la falta de cumplimiento de la presente obligaci\u00f3n.<\/span><\/p>\n<p>\u00a0<\/p>\n<ul>\n<li aria-level=\"1\"><b><i>REDES SOCIALES<\/i><\/b><\/li>\n<\/ul>\n<p><i><span style=\"font-weight: 400;\">Las Redes Sociales forman parte del d\u00eda a d\u00eda de muchos usuarios de Internet, y para ellos la Entidad ha\u00a0 creado distintos perfiles en algunas de ellas.<\/span><\/i><\/p>\n<p><i><span style=\"font-weight: 400;\">Todos los usuarios que visitan nuestra p\u00e1gina web tienen la oportunidad de unirse a nuestras redes sociales\u00a0 o grupos.<\/span><\/i><\/p>\n<p><i><span style=\"font-weight: 400;\">Sin embargo, debes tener en cuenta que, salvo que le solicitemos sus datos directamente (por ejemplo, mediante acciones de marketing, concursos, promociones, o cualquier otra forma v\u00e1lida), sus datos pertenecer\u00e1n a la Red Social correspondiente, por lo que le recomendamos que lea detenidamente sus condiciones de uso y pol\u00edticas de privacidad, as\u00ed como, se asegure de configurar sus preferencias en cuanto al tratamiento de los datos.<\/span><\/i><\/p>\n<ul>\n<li aria-level=\"1\"><b>ENTIDADES QUE CONFORMAN EL GRUPO<\/b><\/li>\n<\/ul>\n<table>\n<tbody>\n<tr>\n<td>\n<p><b>SOCIEDAD<\/b><\/p>\n<\/td>\n<td>\n<p><b>ACTIVIDAD<\/b><\/p>\n<\/td>\n<\/tr>\n<tr>\n<td>\n<p><span style=\"font-weight: 400;\">RAFAEL LOPEZ SANCHEZ CONSTRUCTORA S.L.<\/span><\/p>\n<\/td>\n<td>\n<p><span style=\"font-weight: 400;\">Constructora<\/span><\/p>\n<\/td>\n<\/tr>\n<tr>\n<td>\n<p><span style=\"font-weight: 400;\">ANYRA S.L.<\/span><\/p>\n<\/td>\n<td>\n<p><span style=\"font-weight: 400;\">Constructora<\/span><\/p>\n<\/td>\n<\/tr>\n<tr>\n<td>\n<p><span style=\"font-weight: 400;\">UNIRA S.L.<\/span><\/p>\n<\/td>\n<td>\n<p><span style=\"font-weight: 400;\">Constructora<\/span><\/p>\n<\/td>\n<\/tr>\n<tr>\n<td>\n<p><span style=\"font-weight: 400;\">INURBAGUA\u00a0 PROMOCIONES AGROINDUSTRIALES S.L.<\/span><\/p>\n<\/td>\n<td>\n<p><span style=\"font-weight: 400;\">Constructora<\/span><\/p>\n<\/td>\n<\/tr>\n<tr>\n<td>\n<p><b>\uf0a7<\/b><span style=\"font-weight: 400;\">JAMATE PROMOCIONES Y DESARROLLO S.L.<\/span><\/p>\n<\/td>\n<td>\n<p><span style=\"font-weight: 400;\">Constructora<\/span><\/p>\n<\/td>\n<\/tr>\n<\/tbody>\n<\/table>\n<p>\u00a0<\/p>\n<ul>\n<li aria-level=\"1\"><b><i>MODIFICACIONES\/ ACTUALIZACI\u00d3N<\/i><\/b><\/li>\n<\/ul>\n<p><i><span style=\"font-weight: 400;\">La presente pol\u00edtica de privacidad puede verse modificada\/actualizada en funci\u00f3n de las exigencias legales establecidas o con la finalidad de adaptar dicha pol\u00edtica a las instrucciones dictadas por la Agencia Espa\u00f1ola de Protecci\u00f3n de Datos o cambios en nuestro sitio web.<\/span><\/i><\/p>\n<p><i><span style=\"font-weight: 400;\">Por esta raz\u00f3n, aconsejamos a los usuarios que\u00a0 visiten peri\u00f3dicamente nuestra\u00a0 pol\u00edtica de privacidad.<\/span><\/i><\/p>\n<p>Si tiene dudas acerca de esta pol\u00edtica, puede contactar con cualquiera de los Corresponsables a trav\u00e9s del siguiente correo electr\u00f3nico: <a href=\"mailto:palenquivir@palenquivir.com\">palenquivir@palenquivir.com<\/a><\/p>\n<p>\u00a0<\/p>\n<p>\u00a0<\/p>\n<p class=\"MsoNormal\" style=\"margin-right: 0px; margin-bottom: 0px; margin-left: 0px; color: #222222; font-family: Arial, Helvetica, sans-serif; font-size: small; text-align: justify; line-height: 14.95px;\"><u><\/u>\u00a0<\/p>\n<p><!-- \/wp:paragraph --><\/p>\t\t\t\t\t\t<\/div>\n\t\t\t\t<\/div>\n\t\t\t\t\t<\/div>\n\t\t<\/div>\n\t\t\t\t\t\t\t<\/div>\n\t\t<\/section>\n\t\t\t\t\t\t\t<\/div>\n\t\t","protected":false},"excerpt":{"rendered":"<p>Inicio El objetivo de esta\u00a0pol\u00edtica es informar a los interesados acerca de los distintos tratamientos realizados por esta organizaci\u00f3n mediante la p\u00e1gina web y que afecten a sus datos personales de conformidad con lo establecido en la Ley Org\u00e1nica 3\/2018, de 5 de diciembre, de Protecci\u00f3n de Datos Personales y garant\u00eda de los derechos digitales [&hellip;]<\/p>\n","protected":false},"author":8,"featured_media":0,"parent":0,"menu_order":0,"comment_status":"closed","ping_status":"closed","template":"","meta":{"footnotes":""},"class_list":["post-3","page","type-page","status-publish","hentry"],"_links":{"self":[{"href":"https:\/\/palenquivir.com\/es\/wp-json\/wp\/v2\/pages\/3","targetHints":{"allow":["GET"]}}],"collection":[{"href":"https:\/\/palenquivir.com\/es\/wp-json\/wp\/v2\/pages"}],"about":[{"href":"https:\/\/palenquivir.com\/es\/wp-json\/wp\/v2\/types\/page"}],"author":[{"embeddable":true,"href":"https:\/\/palenquivir.com\/es\/wp-json\/wp\/v2\/users\/8"}],"replies":[{"embeddable":true,"href":"https:\/\/palenquivir.com\/es\/wp-json\/wp\/v2\/comments?post=3"}],"version-history":[{"count":1,"href":"https:\/\/palenquivir.com\/es\/wp-json\/wp\/v2\/pages\/3\/revisions"}],"predecessor-version":[{"id":2972,"href":"https:\/\/palenquivir.com\/es\/wp-json\/wp\/v2\/pages\/3\/revisions\/2972"}],"wp:attachment":[{"href":"https:\/\/palenquivir.com\/es\/wp-json\/wp\/v2\/media?parent=3"}],"curies":[{"name":"wp","href":"https:\/\/api.w.org\/{rel}","templated":true}]}}