{"id":3,"date":"2020-10-10T11:43:53","date_gmt":"2020-10-10T11:43:53","guid":{"rendered":"https:\/\/nueva.englobafilms.es\/?page_id=3"},"modified":"2023-05-23T11:39:45","modified_gmt":"2023-05-23T09:39:45","slug":"politica-de-privacidad","status":"publish","type":"page","link":"https:\/\/palenquivir.com\/en\/politica-de-privacidad\/","title":{"rendered":"Privacy Policy"},"content":{"rendered":"<div data-elementor-type=\"wp-page\" data-elementor-id=\"3\" class=\"elementor elementor-3\" data-elementor-post-type=\"page\">\n\t\t\t\t\t\t\t\t\t<section class=\"elementor-section elementor-top-section elementor-element elementor-element-7289382 elementor-section-full_width elementor-section-content-middle elementor-section-height-default elementor-section-height-default\" data-id=\"7289382\" data-element_type=\"section\" data-settings=\"{&quot;jet_parallax_layout_list&quot;:[],&quot;background_background&quot;:&quot;classic&quot;}\">\n\t\t\t\t\t\t<div class=\"elementor-container elementor-column-gap-default\">\n\t\t\t\t\t<div class=\"elementor-column elementor-col-100 elementor-top-column elementor-element elementor-element-b0fea1f\" data-id=\"b0fea1f\" data-element_type=\"column\" data-settings=\"{&quot;background_background&quot;:&quot;classic&quot;}\">\n\t\t\t<div class=\"elementor-widget-wrap elementor-element-populated\">\n\t\t\t\t\t\t\t\t<div class=\"elementor-element elementor-element-c04e00b jet-breadcrumbs-align-center elementor-widget elementor-widget-jet-breadcrumbs\" data-id=\"c04e00b\" data-element_type=\"widget\" data-widget_type=\"jet-breadcrumbs.default\">\n\t\t\t\t<div class=\"elementor-widget-container\">\n\t\t\t<div class=\"elementor-jet-breadcrumbs jet-blocks\">\n\t\t<div class=\"jet-breadcrumbs\">\n\t\t<div class=\"jet-breadcrumbs__content\">\n\t\t<div class=\"jet-breadcrumbs__wrap\"><div class=\"jet-breadcrumbs__item\"><a href=\"https:\/\/palenquivir.com\/en\/\" class=\"jet-breadcrumbs__item-link is-home\" rel=\"home\" title=\"Home\">Home<\/a><\/div>\n\t\t<\/div>\n\t\t<\/div>\n\t\t<\/div><\/div>\t\t<\/div>\n\t\t\t\t<\/div>\n\t\t\t\t\t<\/div>\n\t\t<\/div>\n\t\t\t\t\t\t\t<\/div>\n\t\t<\/section>\n\t\t\t\t<section class=\"elementor-section elementor-top-section elementor-element elementor-element-46717ab8 elementor-section-boxed elementor-section-height-default elementor-section-height-default\" data-id=\"46717ab8\" data-element_type=\"section\" data-settings=\"{&quot;jet_parallax_layout_list&quot;:[]}\">\n\t\t\t\t\t\t<div class=\"elementor-container elementor-column-gap-default\">\n\t\t\t\t\t<div class=\"elementor-column elementor-col-100 elementor-top-column elementor-element elementor-element-43721e52\" data-id=\"43721e52\" data-element_type=\"column\">\n\t\t\t<div class=\"elementor-widget-wrap elementor-element-populated\">\n\t\t\t\t\t\t\t\t<div class=\"elementor-element elementor-element-5eef623 elementor-widget elementor-widget-text-editor\" data-id=\"5eef623\" data-element_type=\"widget\" id=\"privacidad\" data-widget_type=\"text-editor.default\">\n\t\t\t\t<div class=\"elementor-widget-container\">\n\t\t\t\t\t\t\t<p><!-- wp:paragraph --><\/p>\n<p><span style=\"font-weight: 400;\">The purpose of this policy is to inform data subjects about the various processing carried out by this organization through the website and affecting their personal data in accordance with the provisions of Organic Law 3\/2018 of December 5, 2018, on the Protection of Personal Data and guarantee of digital rights and Regulation (EU) 2016\/679 of the European Parliament and of the Council of 27 April 2016.\n\nTranslated with DeepL.com (free version)<\/span><\/p>\n<ol>\n<li style=\"font-weight: 400;\" aria-level=\"1\"><b>IDENTIFICATION AND CONTACT DETAILS OF THE PERSON IN CHARGE.<\/b><\/li>\n<\/ol>\n<div><b>\u00a0<\/b><\/div>\n<div>\n<p style=\"margin-right: 0px; margin-bottom: 0px; margin-left: 21pt; color: #222222; font-family: Arial, Helvetica, sans-serif; font-size: small; text-align: justify; line-height: 14.95px;\"><span style=\"font-family: Wingdings;\">l<span style=\"font-variant-numeric: normal; font-variant-east-asian: normal; font-stretch: normal; font-size: 7pt; line-height: normal; font-family: 'Times New Roman';\">\u00a0\u00a0<\/span><\/span><u><\/u>GRUPO RAFAEL LOPEZ SANCHEZ, which is formed by three companies:<u><\/u><u><\/u><\/p>\n<p style=\"margin-right: 0px; margin-bottom: 0px; margin-left: 42pt; color: #222222; font-family: Arial, Helvetica, sans-serif; font-size: small; text-align: justify; line-height: 14.95px;\"><u><\/u><span style=\"font-family: Wingdings;\">\u00d8<span style=\"font-variant-numeric: normal; font-variant-east-asian: normal; font-stretch: normal; font-size: 7pt; line-height: normal; font-family: 'Times New Roman';\">\u00a0\u00a0<\/span><\/span><u><\/u>RAFAEL LOPEZ SANCHEZ CONSTRUCTORA S.L. &#8211; Calle Imagen 4, 41003, Sevilla &#8211; CIF B41012832<u><\/u><u><\/u><\/p>\n<p style=\"margin-right: 0px; margin-bottom: 0px; margin-left: 42pt; color: #222222; font-family: Arial, Helvetica, sans-serif; font-size: small; text-align: justify; line-height: 14.95px;\"><u><\/u><span style=\"font-family: Wingdings;\">\u00d8<span style=\"font-variant-numeric: normal; font-variant-east-asian: normal; font-stretch: normal; font-size: 7pt; line-height: normal; font-family: 'Times New Roman';\">\u00a0\u00a0<\/span><\/span><u><\/u>ANYRA S.L. &#8211; Calle Claudio Coello 85, 28001, Madrid &#8211; CIF B28391233<u><\/u><u><\/u><\/p>\n<p style=\"margin-right: 0px; margin-bottom: 0px; margin-left: 42pt; color: #222222; font-family: Arial, Helvetica, sans-serif; font-size: small; text-align: justify; line-height: 14.95px;\"><u><\/u><span style=\"font-family: Wingdings;\">\u00d8<span style=\"font-variant-numeric: normal; font-variant-east-asian: normal; font-stretch: normal; font-size: 7pt; line-height: normal; font-family: 'Times New Roman';\">\u00a0\u00a0<\/span><\/span><u><\/u>UNIRA S.L. &#8211;\u00a0Calle Imagen 4, 41003, Sevilla &#8211; CIF B41213570<u><\/u><u><\/u><\/p>\n<p style=\"margin-right: 0px; margin-bottom: 0px; margin-left: 42pt; color: #222222; font-family: Arial, Helvetica, sans-serif; font-size: small; text-align: justify; line-height: 14.95px;\">\u00a0<\/p>\n<p style=\"margin-right: 0px; margin-bottom: 0px; margin-left: 21pt; color: #222222; font-family: Arial, Helvetica, sans-serif; font-size: small; text-align: justify; line-height: 14.95px;\"><u><\/u><span style=\"font-family: Wingdings;\">l<span style=\"font-variant-numeric: normal; font-variant-east-asian: normal; font-stretch: normal; font-size: 7pt; line-height: normal; font-family: 'Times New Roman';\">\u00a0\u00a0<\/span><\/span><u><\/u>INURBAGUA<u><\/u><u><\/u><\/p>\n<p style=\"margin-right: 0px; margin-bottom: 0px; margin-left: 42pt; color: #222222; font-family: Arial, Helvetica, sans-serif; font-size: small; text-align: justify; line-height: 14.95px;\"><u><\/u><span style=\"font-family: Wingdings;\">\u00d8<span style=\"font-variant-numeric: normal; font-variant-east-asian: normal; font-stretch: normal; font-size: 7pt; line-height: normal; font-family: 'Times New Roman';\">\u00a0\u00a0<\/span><\/span><u><\/u>INURBAGUA PROMOCIONES AGROINDUSTRIALES S.L. &#8211; Calle Luis de Morales 32, Edificio FORUM, planta 3\u00ba, oficina 28, 41018, Sevilla &#8211; CIF B91452219<u><\/u><u><\/u><\/p>\n<p style=\"margin-right: 0px; margin-bottom: 0px; margin-left: 42pt; color: #222222; font-family: Arial, Helvetica, sans-serif; font-size: small; text-align: justify; line-height: 14.95px;\">\u00a0<\/p>\n<p style=\"margin-right: 0px; margin-bottom: 0px; margin-left: 21pt; color: #222222; font-family: Arial, Helvetica, sans-serif; font-size: small; text-align: justify; line-height: 14.95px;\"><u><\/u><span style=\"font-family: Wingdings;\">l<span style=\"font-variant-numeric: normal; font-variant-east-asian: normal; font-stretch: normal; font-size: 7pt; line-height: normal; font-family: 'Times New Roman';\">\u00a0\u00a0<\/span><\/span><u><\/u>JAMATE<u><\/u><u><\/u><\/p>\n<p style=\"margin-right: 0px; margin-bottom: 0px; margin-left: 42pt; color: #222222; font-family: Arial, Helvetica, sans-serif; font-size: small; text-align: justify; line-height: 14.95px;\"><u><\/u><span style=\"font-family: Wingdings;\">\u00d8<span style=\"font-variant-numeric: normal; font-variant-east-asian: normal; font-stretch: normal; font-size: 7pt; line-height: normal; font-family: 'Times New Roman';\">\u00a0\u00a0<\/span><\/span><u><\/u>JAMATE PROMOCIONES Y DESARROLLO S.L. &#8211; Calle Camilo Jos\u00e9 Cela 6, portal 6, 6\u00baA, 41018, Sevilla &#8211; CIF B91452458<\/p>\n<p style=\"margin-right: 0px; margin-bottom: 0px; margin-left: 42pt; color: #222222; font-family: Arial, Helvetica, sans-serif; font-size: small; text-align: justify; line-height: 14.95px;\">\u00a0<\/p>\n<p style=\"margin-right: 0px; margin-bottom: 0px; margin-left: 42pt; color: #222222; font-family: Arial, Helvetica, sans-serif; font-size: small; text-align: justify; line-height: 14.95px;\">\u00a0<\/p>\n<\/div>\n<ul>\n<li aria-level=\"1\"><b>PURPOSES OF THE PROCESSING OF YOUR PERSONAL DATA.\u00a0\u00a0\u00a0<\/b><\/li>\n<\/ul>\n<ul>\n<li aria-level=\"1\"><b>USERS\/NAVIGATORS OF THE WEBSITE OF THE RESPONSIBLE PARTY.<\/b><b>\u00a0<\/b><\/li>\n<\/ul>\n<p><span style=\"font-weight: 400;\">We will process your personal data provided through our web forms to:\u00a0<\/span><\/p>\n<ul>\n<li style=\"font-weight: 400;\" aria-level=\"1\"><span style=\"font-weight: 400;\">To attend to requests, complaints and incidents transferred through our contact channels incorporated in the web page.\u00a0<\/span><\/li>\n<li style=\"font-weight: 400;\" aria-level=\"1\"><span style=\"font-weight: 400;\">To understand the behavior of the surfer within the web in order to detect possible computer attacks to our website.<\/span><\/li>\n<\/ul>\n<ul>\n<li aria-level=\"1\"><span style=\"font-weight: 400;\">Comply with the legal obligations that are directly applicable to us and regulate our activity.\u00a0<\/span><\/li>\n<\/ul>\n<ul>\n<li aria-level=\"1\"><span style=\"font-weight: 400;\">To protect and exercise our rights or respond to claims of any kind.<\/span><\/li>\n<\/ul>\n<ul>\n<li aria-level=\"1\"><b>CANDIDATES FOR JOB OFFERS OR JOB APPLICANTS.<\/b><\/li>\n<\/ul>\n<p><span style=\"font-weight: 400;\">We will process your personal data provided through our web forms to:<\/span><\/p>\n<ul>\n<li style=\"font-weight: 400;\" aria-level=\"1\"><span style=\"font-weight: 400;\">Manage your application.<\/span><\/li>\n<li style=\"font-weight: 400;\" aria-level=\"1\"><span style=\"font-weight: 400;\">Communicate with you to keep you informed of the status of the selection process and your application.<\/span><\/li>\n<li style=\"font-weight: 400;\" aria-level=\"1\"><span style=\"font-weight: 400;\">To understand the behavior of the surfer within the web in order to detect possible computer attacks to our website.<\/span><\/li>\n<li style=\"font-weight: 400;\" aria-level=\"1\"><span style=\"font-weight: 400;\">To protect and exercise our rights or to respond to claims of any nature<\/span><\/li>\n<\/ul>\n<ul>\n<li style=\"font-weight: 400;\" aria-level=\"1\"><span style=\"font-weight: 400;\">Transfer of your data to entities that make up the group: GRUPO RAFAEL LOPEZ SANCHEZ (RAFAEL LOPEZ SANCHEZ CONSTRUCTORA S.L.; ANYRA S.L.; UNIRA S.L.); INURBAGUA PROMOCIONES AGROINDUSTRIALES S.L.; and JAMATE PROMOCIONES Y DESARROLLO S.L.<\/span><\/li>\n<\/ul>\n<ul>\n<li aria-level=\"1\"><b>LEGAL BASIS FOR PROCESSING.\u00a0<\/b><\/li>\n<\/ul>\n<ul>\n<li aria-level=\"1\"><b>USERS\/NAVIGATORS ON THE WEBSITE OF THE RESPONSIBLE PARTY.<\/b><span style=\"font-weight: 400;\">\u00a0<\/span><\/li>\n<\/ul>\n<ul>\n<li style=\"font-weight: 400;\" aria-level=\"1\"><span style=\"font-weight: 400;\">In the consent you have given us to process your data for the purposes indicated.<\/span><i><span style=\"font-weight: 400;\"> Refusal to provide your personal data will make it impossible to process your data for the aforementioned purposes.<\/span><\/i><\/li>\n<li style=\"font-weight: 400;\" aria-level=\"1\"><span style=\"font-weight: 400;\">To comply with the legal obligations that apply to us. <\/span><i><span style=\"font-weight: 400;\">In this case, the data subject may not refuse the processing of personal data.<\/span><\/i><b>.<\/b><\/li>\n<li style=\"font-weight: 400;\" aria-level=\"1\"><span style=\"font-weight: 400;\">In our legitimate interest to protect our image, business and track record by preventing attacks on our website. <\/span><i><span style=\"font-weight: 400;\">In this case, the data subject may not refuse the processing of personal data.<\/span><\/i><b>, <\/b><i><span style=\"font-weight: 400;\">although it may exercise, where appropriate, the rights recognized in the eighth paragraph of the present policy<\/span><\/i><\/li>\n<\/ul>\n<ul>\n<li style=\"font-weight: 400;\" aria-level=\"1\"><b>CANDIDATES FOR JOB OFFERS OR JOB APPLICANTS.<\/b><\/li>\n<\/ul>\n<ul>\n<li style=\"font-weight: 400;\" aria-level=\"1\"><span style=\"font-weight: 400;\">In the consent you have given us to process your data for the purposes indicated.<\/span><i><span style=\"font-weight: 400;\"> Refusal to provide your personal data will make it impossible to process your data for the aforementioned purposes.<\/span><\/i><\/li>\n<li style=\"font-weight: 400;\" aria-level=\"1\"><span style=\"font-weight: 400;\">To comply with the legal obligations that apply to us. <\/span><i><span style=\"font-weight: 400;\">In this case, the data subject may not refuse the processing of personal data.<\/span><\/i><b>.<\/b><\/li>\n<li style=\"font-weight: 400;\" aria-level=\"1\"><span style=\"font-weight: 400;\">In our legitimate interest to protect our image, business and track record by preventing attacks on our website. <\/span><i><span style=\"font-weight: 400;\">In this case, the data subject may not refuse the processing of personal data.<\/span><\/i><b>, <\/b><i><span style=\"font-weight: 400;\">although it may exercise, where appropriate, the rights recognized in the eighth paragraph of the present policy<\/span><\/i><\/li>\n<\/ul>\n<ul>\n<li aria-level=\"1\"><b>TIME LIMITS OR CRITERIA FOR DATA RETENTION.<\/b><\/li>\n<\/ul>\n<p><span style=\"font-weight: 400;\">The personal data provided will be kept for the time necessary to fulfill the purposes for which they were initially collected.<\/span><\/p>\n<p><span style=\"font-weight: 400;\">Once the data are no longer necessary for the processing in question, they will be kept duly blocked in order to, if necessary, make them available to the competent Public Administrations and Bodies, Judges and Courts or the Public Prosecutor's Office, during the statute of limitations period for any actions that may arise from the relationship maintained with the client and\/or the conservation periods provided for by law.<\/span><\/p>\n<p><span style=\"font-weight: 400;\">In the event that you have provided us with your curriculum, we will keep your data for a maximum period of one year from the receipt of the same by the entity, unless you have authorized us to keep your data for a longer retention period than indicated.<\/span><\/p>\n<ul>\n<li aria-level=\"1\"><b>AUTOMATED DECISIONS AND PROFILING.\u00a0<\/b><\/li>\n<\/ul>\n<p><span style=\"font-weight: 400;\">The website does not make automated decisions or create profiles.\u00a0<\/span><\/p>\n<ul>\n<li aria-level=\"1\"><b>TARGET AUDIENCE.<\/b><\/li>\n<\/ul>\n<p><span style=\"font-weight: 400;\">For the duration of the processing of your personal data, the organization may transfer your data to the following recipients:\u00a0<\/span><\/p>\n<ul>\n<li style=\"list-style-type: none;\">\n<ul>\n<li style=\"font-weight: 400;\" aria-level=\"1\"><span style=\"font-weight: 400;\">Judges and Courts.<\/span><\/li>\n<li style=\"font-weight: 400;\" aria-level=\"1\"><span style=\"font-weight: 400;\">State Security Forces and Corps.<\/span><\/li>\n<\/ul>\n<\/li>\n<\/ul>\n<ul>\n<li aria-level=\"1\"><span style=\"font-weight: 400;\">Other competent public authorities or bodies, when the data controller has a legal obligation to provide the personal data.\u00a0<\/span><\/li>\n<\/ul>\n<ul>\n<li aria-level=\"1\"><b>TRANSFERENCIAS INTERNACIONALES DE DATOS.\u00a0<\/b><\/li>\n<\/ul>\n<p><span style=\"font-weight: 400;\">La organizaci\u00f3n no realiza Transferencia Internacional de Datos alguna.\u00a0<\/span><\/p>\n<ul>\n<li aria-level=\"1\"><b>DERECHOS.<\/b><\/li>\n<\/ul>\n<p><span style=\"font-weight: 400;\">Los interesados podr\u00e1n ejercer en cualquier momento y de forma totalmente gratuita los derechos de <\/span><b>acceso, rectificaci\u00f3n y supresi\u00f3n, as\u00ed como solicitar que se limite el tratamiento de sus datos personales, oponerse al mismo, solicitar la portabilidad de estos (siempre que sea t\u00e9cnicamente posible) o retirar el consentimiento prestado<\/b><span style=\"font-weight: 400;\">and, if applicable, when appropriate<\/span><b>not to be subject to a decision based solely on automated processing, including profiling.<\/b><span style=\"font-weight: 400;\">\u00a0\u00a0<\/span><\/p>\n<p><span style=\"font-weight: 400;\">To do so, you may use the forms provided by the organization, or send a letter to the postal address or e-mail address indicated above. In any case, your request must be accompanied by a photocopy of your ID card or equivalent document, in order to prove your identity.\u00a0\u00a0<\/span><\/p>\n<p><span style=\"font-weight: 400;\">In case you feel that your rights concerning the protection of your personal data have been violated, especially when you have not obtained satisfaction in the exercise of your rights, you can file a complaint with the competent Data Protection Supervisory Authority. <\/span><b>(Spanish Data Protection Agency),<\/b><span style=\"font-weight: 400;\"> through its website: <\/span><a href=\"http:\/\/www.agpd.es\" target=\"_blank\" rel=\"noopener\"><span style=\"font-weight: 400;\">www.agpd.es<\/span><\/a><span style=\"font-weight: 400;\">.<\/span><\/p>\n<p><span style=\"font-weight: 400;\">In compliance with the provisions of Article 21 of Law 34\/2002 of services of the information society and electronic commerce, if you do not wish to receive more information about our services, you can unsubscribe by sending an email to the following address <\/span><a href=\"mailto:palenquivir@palenquivir.com\"><span style=\"font-weight: 400;\">palenquivir@palenquivir.com<\/span><\/a><span style=\"font-weight: 400;\">, con asunto\u00a0 <\/span><b>\u201c<\/b><b><i>LOW\" <\/i><\/b><span style=\"font-weight: 400;\">or by doing <\/span><i><span style=\"font-weight: 400;\">click<\/span><\/i><span style=\"font-weight: 400;\"> in the mailing box *<\/span><b><i>*to unsubscribe*<\/i><\/b><span style=\"font-weight: 400;\">*.\u00a0<\/span><\/p>\n<ul>\n<li aria-level=\"1\"><b>VERACITY OF THE DATA.<\/b><\/li>\n<\/ul>\n<p><span style=\"font-weight: 400;\">The interested party guarantees that the data provided are true, accurate, complete and up to date; undertaking to inform of any change with respect to the data provided, through the channels provided for this purpose and indicated in point one of this policy. You will be responsible for any damage or harm, both direct and indirect, that may be caused as a result of non-compliance with this obligation.<\/span><\/p>\n<p><span style=\"font-weight: 400;\">In the event that the user provides data of third parties, he\/she declares that he\/she has the consent of the interested parties and undertakes to transfer the information contained in this clause to them, exempting the organization from any liability arising from the lack of compliance with this obligation.<\/span><\/p>\n<p>\u00a0<\/p>\n<ul>\n<li aria-level=\"1\"><b><i>SOCIAL NETWORKS<\/i><\/b><\/li>\n<\/ul>\n<p><i><span style=\"font-weight: 400;\">Social Networks are part of the daily life of many Internet users, and for them the Entity has created different profiles in some of them.<\/span><\/i><\/p>\n<p><i><span style=\"font-weight: 400;\">All users who visit our website have the opportunity to join our social networks or groups.<\/span><\/i><\/p>\n<p><i><span style=\"font-weight: 400;\">However, you should keep in mind that, unless we request your data directly (for example, through marketing actions, contests, promotions, or any other valid way), your data will belong to the corresponding Social Network, so we recommend that you carefully read their terms of use and privacy policies, as well as, be sure to configure your preferences regarding the processing of data.<\/span><\/i><\/p>\n<ul>\n<li aria-level=\"1\"><b>ENTITIES THAT MAKE UP THE GROUP<\/b><\/li>\n<\/ul>\n<table>\n<tbody>\n<tr>\n<td>\n<p><b>SOCIEDAD<\/b><\/p>\n<\/td>\n<td>\n<p><b>ACTIVIDAD<\/b><\/p>\n<\/td>\n<\/tr>\n<tr>\n<td>\n<p><span style=\"font-weight: 400;\">RAFAEL LOPEZ SANCHEZ CONSTRUCTORA S.L.<\/span><\/p>\n<\/td>\n<td>\n<p><span style=\"font-weight: 400;\">Construction Company<\/span><\/p>\n<\/td>\n<\/tr>\n<tr>\n<td>\n<p><span style=\"font-weight: 400;\">ANYRA S.L.<\/span><\/p>\n<\/td>\n<td>\n<p><span style=\"font-weight: 400;\">Construction Company<\/span><\/p>\n<\/td>\n<\/tr>\n<tr>\n<td>\n<p><span style=\"font-weight: 400;\">UNIRA S.L.<\/span><\/p>\n<\/td>\n<td>\n<p><span style=\"font-weight: 400;\">Construction Company<\/span><\/p>\n<\/td>\n<\/tr>\n<tr>\n<td>\n<p><span style=\"font-weight: 400;\">INURBAGUA\u00a0 PROMOCIONES AGROINDUSTRIALES S.L.<\/span><\/p>\n<\/td>\n<td>\n<p><span style=\"font-weight: 400;\">Construction Company<\/span><\/p>\n<\/td>\n<\/tr>\n<tr>\n<td>\n<p><b>\uf0a7<\/b><span style=\"font-weight: 400;\">JAMATE PROMOCIONES Y DESARROLLO S.L.<\/span><\/p>\n<\/td>\n<td>\n<p><span style=\"font-weight: 400;\">Construction Company<\/span><\/p>\n<\/td>\n<\/tr>\n<\/tbody>\n<\/table>\n<p>\u00a0<\/p>\n<ul>\n<li aria-level=\"1\"><b><i>MODIFICATIONS\/UPDATE<\/i><\/b><\/li>\n<\/ul>\n<p><i><span style=\"font-weight: 400;\">This privacy policy may be modified\/updated according to the established legal requirements or in order to adapt this policy to the instructions issued by the Spanish Data Protection Agency or changes in our website.<\/span><\/i><\/p>\n<p><i><span style=\"font-weight: 400;\">For this reason, we encourage users to periodically review our privacy policy.<\/span><\/i><\/p>\n<p>If you have any questions about this policy, you may contact any of the Correspondents via the following email address: <a href=\"mailto:palenquivir@palenquivir.com\">palenquivir@palenquivir.com<\/a><\/p>\n<p>\u00a0<\/p>\n<p>\u00a0<\/p>\n<p class=\"MsoNormal\" style=\"margin-right: 0px; margin-bottom: 0px; margin-left: 0px; color: #222222; font-family: Arial, Helvetica, sans-serif; font-size: small; text-align: justify; line-height: 14.95px;\"><u><\/u>\u00a0<\/p>\n<p><!-- \/wp:paragraph --><\/p>\t\t\t\t\t\t<\/div>\n\t\t\t\t<\/div>\n\t\t\t\t\t<\/div>\n\t\t<\/div>\n\t\t\t\t\t\t\t<\/div>\n\t\t<\/section>\n\t\t\t\t\t\t\t<\/div>","protected":false},"excerpt":{"rendered":"<p>Inicio El objetivo de esta\u00a0pol\u00edtica es informar a los interesados acerca de los distintos tratamientos realizados por esta organizaci\u00f3n mediante la p\u00e1gina web y que afecten a sus datos personales de conformidad con lo establecido en la Ley Org\u00e1nica 3\/2018, de 5 de diciembre, de Protecci\u00f3n de Datos Personales y garant\u00eda de los derechos digitales [&hellip;]<\/p>","protected":false},"author":8,"featured_media":0,"parent":0,"menu_order":0,"comment_status":"closed","ping_status":"closed","template":"","meta":{"footnotes":""},"class_list":["post-3","page","type-page","status-publish","hentry"],"_links":{"self":[{"href":"https:\/\/palenquivir.com\/en\/wp-json\/wp\/v2\/pages\/3","targetHints":{"allow":["GET"]}}],"collection":[{"href":"https:\/\/palenquivir.com\/en\/wp-json\/wp\/v2\/pages"}],"about":[{"href":"https:\/\/palenquivir.com\/en\/wp-json\/wp\/v2\/types\/page"}],"author":[{"embeddable":true,"href":"https:\/\/palenquivir.com\/en\/wp-json\/wp\/v2\/users\/8"}],"replies":[{"embeddable":true,"href":"https:\/\/palenquivir.com\/en\/wp-json\/wp\/v2\/comments?post=3"}],"version-history":[{"count":1,"href":"https:\/\/palenquivir.com\/en\/wp-json\/wp\/v2\/pages\/3\/revisions"}],"predecessor-version":[{"id":2972,"href":"https:\/\/palenquivir.com\/en\/wp-json\/wp\/v2\/pages\/3\/revisions\/2972"}],"wp:attachment":[{"href":"https:\/\/palenquivir.com\/en\/wp-json\/wp\/v2\/media?parent=3"}],"curies":[{"name":"wp","href":"https:\/\/api.w.org\/{rel}","templated":true}]}}