{"id":2207,"date":"2022-05-12T16:28:50","date_gmt":"2022-05-12T14:28:50","guid":{"rendered":"https:\/\/palenquivir.englobadigital.es\/?page_id=2207"},"modified":"2026-01-15T11:34:57","modified_gmt":"2026-01-15T10:34:57","slug":"aviso-legal","status":"publish","type":"page","link":"https:\/\/palenquivir.com\/en\/aviso-legal\/","title":{"rendered":"Legal Notice"},"content":{"rendered":"<div data-elementor-type=\"wp-page\" data-elementor-id=\"2207\" class=\"elementor elementor-2207\" data-elementor-post-type=\"page\">\n\t\t\t\t\t\t\t\t\t<section class=\"elementor-section elementor-top-section elementor-element elementor-element-7a62702 elementor-section-full_width elementor-section-content-middle elementor-section-height-default elementor-section-height-default\" data-id=\"7a62702\" data-element_type=\"section\" data-settings=\"{&quot;jet_parallax_layout_list&quot;:[],&quot;background_background&quot;:&quot;classic&quot;}\">\n\t\t\t\t\t\t<div class=\"elementor-container elementor-column-gap-default\">\n\t\t\t\t\t<div class=\"elementor-column elementor-col-100 elementor-top-column elementor-element elementor-element-f775ed1\" data-id=\"f775ed1\" data-element_type=\"column\" data-settings=\"{&quot;background_background&quot;:&quot;classic&quot;}\">\n\t\t\t<div class=\"elementor-widget-wrap elementor-element-populated\">\n\t\t\t\t\t\t\t\t<div class=\"elementor-element elementor-element-d1ccd2b elementor-widget elementor-widget-heading\" data-id=\"d1ccd2b\" data-element_type=\"widget\" data-widget_type=\"heading.default\">\n\t\t\t\t<div class=\"elementor-widget-container\">\n\t\t\t<h1 class=\"elementor-heading-title elementor-size-default\">Legal Notice<\/h1>\t\t<\/div>\n\t\t\t\t<\/div>\n\t\t\t\t<div class=\"elementor-element elementor-element-1cc75c7 jet-breadcrumbs-align-center elementor-widget elementor-widget-jet-breadcrumbs\" data-id=\"1cc75c7\" data-element_type=\"widget\" data-widget_type=\"jet-breadcrumbs.default\">\n\t\t\t\t<div class=\"elementor-widget-container\">\n\t\t\t<div class=\"elementor-jet-breadcrumbs jet-blocks\">\n\t\t<div class=\"jet-breadcrumbs\">\n\t\t<div class=\"jet-breadcrumbs__content\">\n\t\t<div class=\"jet-breadcrumbs__wrap\"><div class=\"jet-breadcrumbs__item\"><a href=\"https:\/\/palenquivir.com\/en\/\" class=\"jet-breadcrumbs__item-link is-home\" rel=\"home\" title=\"Home\">Home<\/a><\/div>\n\t\t<\/div>\n\t\t<\/div>\n\t\t<\/div><\/div>\t\t<\/div>\n\t\t\t\t<\/div>\n\t\t\t\t\t<\/div>\n\t\t<\/div>\n\t\t\t\t\t\t\t<\/div>\n\t\t<\/section>\n\t\t\t\t<section class=\"elementor-section elementor-top-section elementor-element elementor-element-9b535a7 elementor-section-boxed elementor-section-height-default elementor-section-height-default\" data-id=\"9b535a7\" data-element_type=\"section\" data-settings=\"{&quot;jet_parallax_layout_list&quot;:[]}\">\n\t\t\t\t\t\t<div class=\"elementor-container elementor-column-gap-default\">\n\t\t\t\t\t<div class=\"elementor-column elementor-col-100 elementor-top-column elementor-element elementor-element-7ad7e6e\" data-id=\"7ad7e6e\" data-element_type=\"column\">\n\t\t\t<div class=\"elementor-widget-wrap elementor-element-populated\">\n\t\t\t\t\t\t\t\t<div class=\"elementor-element elementor-element-e8dead3 elementor-widget elementor-widget-text-editor\" data-id=\"e8dead3\" data-element_type=\"widget\" data-widget_type=\"text-editor.default\">\n\t\t\t\t<div class=\"elementor-widget-container\">\n\t\t\t\t\t\t\t<p><i><span style=\"font-weight: 400;\">In accordance with the provisions of Law 34\/2002, of July 11, 2002, on information society services and electronic commerce, the following information is provided:\u00a0<\/span><\/i><\/p><p><b>IDENTIFICATION DATA<\/b><\/p><ol><li><span style=\"font-weight: 400;\"> You are visiting the website\u00a0 <\/span><span style=\"font-weight: 400;\">www.palenquivir.com<\/span> <span style=\"font-weight: 400;\">owned by INURBAGUA PROMOCIONES AGROINDUSTRIALES S.L., with registered office at C\/ Luis de Morales 32, Edificio FORUM, 3rd floor, office 28, 41018, Seville, with tax identification number B-91452219, registered in the Mercantile Registry of Seville, hereinafter referred to as THE OWNER.<\/span><\/li><\/ol><p><span style=\"font-weight: 400;\">You can contact the OWNER by this means:<\/span><\/p><p><span style=\"font-weight: 400;\">Contact e-mail address: <\/span><span style=\"font-weight: 400;\">contacto@palenquivir.com<\/span><\/p><p><b>USERS<\/b><\/p><ol start=\"2\"><li><span style=\"font-weight: 400;\"> The purpose of these conditions (hereinafter Legal Notice) is to regulate the use of the website of THE OWNER that makes available to the public.<\/span><\/li><\/ol><p><span style=\"font-weight: 400;\">Access and \/ or use of this website attributes the condition of USER, who accepts, from such access and \/ or use, the general conditions of use reflected here. The aforementioned conditions shall apply regardless of the general contracting conditions that may be mandatory.<\/span><\/p><p><b>USE OF THE PORTAL<\/b><\/p><ol start=\"3\"><li><a href=\"https:\/\/palenquivir.com\/en\/\"><span style=\"font-weight: 400;\">www.palenquivir.com<\/span><\/a><span style=\"font-weight: 400;\"> provides access to a multitude of information, services, programs or data (hereinafter \"the contents\") on the Internet belonging to the OWNER or its licensors to which the USER may have access.<\/span><\/li><\/ol><p><span style=\"font-weight: 400;\">The user assumes responsibility for the use of the portal. This responsibility extends to the registration that was necessary to access certain services or content. In such registration the USER will be responsible for providing truthful and lawful information. As a consequence of this registration, the USER may be provided with a password for which he\/she will be responsible, undertaking to use it diligently and confidentially.<\/span><\/p><p><span style=\"font-weight: 400;\">The USER agrees to make appropriate use of the content and services (e.g. chat services, discussion forums or newsgroups) that THE OWNER offers through its website and, by way of example but not limited to, not to use them for:<\/span><\/p><ul><li style=\"font-weight: 400;\" aria-level=\"1\"><span style=\"font-weight: 400;\">Incurring in illicit, illegal or contrary to good faith and public order activities.\u00a0<\/span><\/li><li style=\"font-weight: 400;\" aria-level=\"1\"><span style=\"font-weight: 400;\">Disseminate racist, xenophobic, pornographic-illegal, terrorist apology or propaganda against human rights.\u00a0<\/span><\/li><li style=\"font-weight: 400;\" aria-level=\"1\"><span style=\"font-weight: 400;\">Cause damage to the physical and logical systems of INURBAGUA PROMOCIONES AGROINDUSTRIALES S.L.,<\/span> <span style=\"font-weight: 400;\">of its suppliers or third parties, introduce or spread in the network computer viruses or any other physical or logical systems that are likely to cause the aforementioned damage.<\/span><\/li><li style=\"font-weight: 400;\" aria-level=\"1\"><span style=\"font-weight: 400;\">Attempt to access and, where appropriate, use the e-mail accounts of other users and modify or manipulate their messages.<\/span><\/li><li style=\"font-weight: 400;\" aria-level=\"1\"><span style=\"font-weight: 400;\">Use the website and the information contained therein for commercial, political, advertising or any other commercial use, especially in the sending of unsolicited e-mails.\u00a0<\/span><\/li><\/ul><p><span style=\"font-weight: 400;\">THE HOLDER reserves the right to remove any comments and contributions that violate the respect for the dignity of the person, which are discriminatory, xenophobic, racist, pornographic, that violate the youth or childhood, order or public safety or that, in his opinion, are not suitable for publication. In any case, THE HOLDER shall not be responsible for the opinions expressed by users through forums, chats, or other participation tools.\u00a0<\/span><\/p><p><b>DATA PROTECTION<\/b><\/p><ol start=\"4\"><li><span style=\"font-weight: 400;\"> Everything related to the data protection policy is included in the privacy policy document.<\/span><\/li><\/ol><p><b>CONTENTS. INTELLECTUAL AND INDUSTRIAL PROPERTY<\/b><\/p><ol start=\"5\"><li><span style=\"font-weight: 400;\"> THE OWNER owns all intellectual and industrial property rights of its website, as well as the elements contained therein (including but not limited to: images, photographs, sound, audio, video, software or text; trademarks or logos, color combinations, structure and design, selection of materials used, computer programs necessary for its operation, access and use, etc.), owned by the OWNER or its licensors.<\/span><\/li><\/ol><p><span style=\"font-weight: 400;\">All rights reserved. Under the provisions of Articles 8 and 32.1, second paragraph, of the Intellectual Property Law, are expressly prohibited reproduction, distribution and public communication, including its mode of making available, all or part of the contents of this website, for commercial purposes, in any medium and by any technical means, without the authorization of the OWNER.<\/span><\/p><p><b>DISCLAIMER OF WARRANTIES AND LIABILITY<\/b><\/p><ol start=\"6\"><li><span style=\"font-weight: 400;\"> THE USER acknowledges that the use of the website and its contents and services is developed under its sole responsibility. Specifically, by way of example only, THE OWNER assumes no liability in the following areas:<\/span><\/li><\/ol><ul><li style=\"font-weight: 400;\" aria-level=\"1\"><span style=\"font-weight: 400;\">The availability of the operation of the website, its services and contents and its quality or interoperability.<\/span><\/li><li style=\"font-weight: 400;\" aria-level=\"1\"><span style=\"font-weight: 400;\">The purpose for which the website serves the USER's purposes.<\/span><\/li><li style=\"font-weight: 400;\" aria-level=\"1\"><span style=\"font-weight: 400;\">Infringement of current legislation by the USER or third parties and, in particular, of the intellectual and industrial property rights owned by other persons or entities.<\/span><\/li><li style=\"font-weight: 400;\" aria-level=\"1\"><span style=\"font-weight: 400;\">The existence of malicious codes or any other harmful computer element that could cause the computer system of the USER or third parties. It is up to the USER, in any case, to have adequate tools for the detection and disinfection of these elements.<\/span><\/li><li style=\"font-weight: 400;\" aria-level=\"1\"><span style=\"font-weight: 400;\">Fraudulent access to the contents or services by unauthorized third parties, or, as the case may be, the capture, elimination, alteration, modification or manipulation of messages and communications of any kind that such third parties may make.<\/span><\/li><li style=\"font-weight: 400;\" aria-level=\"1\"><span style=\"font-weight: 400;\">The accuracy, veracity, timeliness and usefulness of the content and services offered and the subsequent use made of them by the USER. THE HOLDER shall use all reasonable efforts and means to provide updated and reliable information.<\/span><\/li><li style=\"font-weight: 400;\" aria-level=\"1\"><span style=\"font-weight: 400;\">Damage caused to computer equipment during access to the website and damage caused to USERS when caused by failures or disconnections in telecommunications networks that interrupt the service.<\/span><\/li><li style=\"font-weight: 400;\" aria-level=\"1\"><span style=\"font-weight: 400;\">Damages or losses arising from circumstances arising from acts of God or force majeure.<\/span><\/li><\/ul><p><span style=\"font-weight: 400;\">In the event that there are forums, the use of such forums or other similar spaces, it must be taken into account that the messages reflect only the opinion of the USER who sends them, who is solely responsible. THE HOLDER is not responsible for the content of messages sent by the USER.\u00a0<\/span><\/p><p><b>MODIFICATION OF THIS LEGAL NOTICE AND TERM<\/b><\/p><ol start=\"7\"><li><span style=\"font-weight: 400;\"> THE OWNER reserves the right to make unannounced changes it deems appropriate in its website, may change, delete or add content and services provided through the same, as the way in which they are represented or located on its website.<\/span><\/li><\/ol><p><span style=\"font-weight: 400;\">The validity of the aforementioned conditions will depend on their exposure and will be in force until they are modified by other duly published conditions.<\/span><\/p><p><b>LINKS<\/b><\/p><ol start=\"8\"><li><span style=\"font-weight: 400;\"> In the event that in <\/span><a href=\"https:\/\/palenquivir.com\/en\/\"><span style=\"font-weight: 400;\">www.palenquivir.com<\/span><\/a> <span style=\"font-weight: 400;\">links or hyperlinks to other Internet sites are included, THE OWNER shall not exercise any control over such sites and content. In no event shall THE HOLDER assume any responsibility for the contents of any link belonging to another website, nor guarantee the technical availability, quality, reliability, accuracy, comprehensiveness, accuracy, truthfulness, validity and constitutionality of any matter or information contained in any such hyperlinks and other sites on the Internet. Likewise, the inclusion of these external connections does not imply any type of association, merger or participation with the connected entities.<\/span><\/li><\/ol><p><b>EXCLUSION RIGHTS<\/b><\/p><ol start=\"9\"><li><span style=\"font-weight: 400;\"> THE OWNER reserves the right to deny or withdraw access to the portal and \/ or services offered without prior warning, at its own request or at the request of a third party, to those users who violate the contents of this legal notice.<\/span><\/li><\/ol><p><b>GENERAL<\/b><\/p><ol start=\"10\"><li><span style=\"font-weight: 400;\"> THE OWNER will pursue the breach of these conditions and any misuse of its website by exercising all civil and criminal actions that may correspond by law.<\/span><\/li><\/ol><p><b>APPLICABLE LAW AND JURISDICTION<\/b><\/p><ol start=\"11\"><li><span style=\"font-weight: 400;\"> The relationship between THE HOLDER and THE USER shall be governed by current Spanish law. All disputes and claims arising from this legal notice shall be resolved by the Spanish courts and tribunals. <\/span><i><span style=\"font-weight: 400;\">de Sevilla.\u00a0<\/span><\/i><\/li><\/ol><p><b><i>SECURITY MEASURES - SSL<\/i><\/b><\/p><p><i><span style=\"font-weight: 400;\">The Holder has contracted a SSL (\"Secure Sockets Layer\") certificate for its website.<\/span><\/i><\/p><p><i><span style=\"font-weight: 400;\">An SSL certificate protects all personal and confidential information that may be handled on a website, regardless of the information being transmitted, such as from any of the website's contact forms to the server, or data entered for newsletter subscriptions or access to protected areas, etc.<\/span><\/i><\/p><p><i><span style=\"font-weight: 400;\">The website address will appear in green, activating the \"https\" protocol that allows secure connections from a web server to the user's browser.<\/span><\/i><\/p>\t\t\t\t\t\t<\/div>\n\t\t\t\t<\/div>\n\t\t\t\t\t<\/div>\n\t\t<\/div>\n\t\t\t\t\t\t\t<\/div>\n\t\t<\/section>\n\t\t\t\t\t\t\t<\/div>","protected":false},"excerpt":{"rendered":"<p>Inicio De conformidad con lo establecido en la Ley 34\/2002, de 11 de julio, de servicios de la sociedad de la informaci\u00f3n y de comercio electr\u00f3nico, se facilita la siguiente informaci\u00f3n:\u00a0 DATOS IDENTIFICATIVOS Usted est\u00e1 visitando la p\u00e1gina web\u00a0 www.palenquivir.com titularidad de INURBAGUA\u00a0 PROMOCIONES AGROINDUSTRIALES S.L., con domicilio social en C\/ Luis de Morales 32, [&hellip;]<\/p>","protected":false},"author":8,"featured_media":0,"parent":0,"menu_order":0,"comment_status":"closed","ping_status":"closed","template":"","meta":{"footnotes":""},"class_list":["post-2207","page","type-page","status-publish","hentry"],"_links":{"self":[{"href":"https:\/\/palenquivir.com\/en\/wp-json\/wp\/v2\/pages\/2207","targetHints":{"allow":["GET"]}}],"collection":[{"href":"https:\/\/palenquivir.com\/en\/wp-json\/wp\/v2\/pages"}],"about":[{"href":"https:\/\/palenquivir.com\/en\/wp-json\/wp\/v2\/types\/page"}],"author":[{"embeddable":true,"href":"https:\/\/palenquivir.com\/en\/wp-json\/wp\/v2\/users\/8"}],"replies":[{"embeddable":true,"href":"https:\/\/palenquivir.com\/en\/wp-json\/wp\/v2\/comments?post=2207"}],"version-history":[{"count":4,"href":"https:\/\/palenquivir.com\/en\/wp-json\/wp\/v2\/pages\/2207\/revisions"}],"predecessor-version":[{"id":3755,"href":"https:\/\/palenquivir.com\/en\/wp-json\/wp\/v2\/pages\/2207\/revisions\/3755"}],"wp:attachment":[{"href":"https:\/\/palenquivir.com\/en\/wp-json\/wp\/v2\/media?parent=2207"}],"curies":[{"name":"wp","href":"https:\/\/api.w.org\/{rel}","templated":true}]}}